{"id":5243,"date":"2025-01-14T16:52:20","date_gmt":"2025-01-15T00:52:20","guid":{"rendered":"https:\/\/strucalc.com\/?page_id=5243"},"modified":"2025-09-19T15:55:52","modified_gmt":"2025-09-19T22:55:52","slug":"pdh-ingenieros-2","status":"publish","type":"page","link":"https:\/\/strucalc.com\/es\/pdh-ingenieros-2\/","title":{"rendered":"P\u00e1gina de la Campa\u00f1a de Horas de Desarrollo Profesional (PDH)"},"content":{"rendered":"\n<div style=\"height:16px\" aria-hidden=\"true\" class=\"wp-block-spacer\"><\/div>\n\n\n\n<h1 class=\"wp-block-heading has-text-align-center tracking-tight [text-wrap:balance]\" style=\"margin-top:0px;margin-bottom:0px\">Acceda a sus cursos de PDH a continuaci\u00f3n o suscr\u00edbase a nuestro software de dise\u00f1o premium y obtenga todos sus cursos de PDH \u00a1GRATIS!<\/h1>\n\n\n\n<div style=\"height:16px\" aria-hidden=\"true\" class=\"wp-block-spacer\"><\/div>\n\n\n\n<div class=\"wp-block-columns are-vertically-aligned-top is-layout-flex wp-container-core-columns-is-layout-28f84493 wp-block-columns-is-layout-flex\">\n<div class=\"wp-block-column is-vertically-aligned-top is-layout-flow wp-block-column-is-layout-flow\">\n<figure class=\"wp-block-image size-large\"><img data-recalc-dims=\"1\" loading=\"lazy\" decoding=\"async\" width=\"1024\" height=\"614\" src=\"https:\/\/i0.wp.com\/strucalc.com\/wp-content\/uploads\/\/6-1.png?resize=1024%2C614&#038;ssl=1\" alt=\"\" class=\"wp-image-4762\" style=\"object-fit:cover\" srcset=\"https:\/\/i0.wp.com\/strucalc.com\/wp-content\/uploads\/6-1.png?resize=1024%2C614&amp;ssl=1 1024w, https:\/\/i0.wp.com\/strucalc.com\/wp-content\/uploads\/6-1.png?resize=300%2C180&amp;ssl=1 300w, https:\/\/i0.wp.com\/strucalc.com\/wp-content\/uploads\/6-1.png?resize=150%2C90&amp;ssl=1 150w, https:\/\/i0.wp.com\/strucalc.com\/wp-content\/uploads\/6-1.png?resize=768%2C461&amp;ssl=1 768w, https:\/\/i0.wp.com\/strucalc.com\/wp-content\/uploads\/6-1.png?resize=1536%2C922&amp;ssl=1 1536w, https:\/\/i0.wp.com\/strucalc.com\/wp-content\/uploads\/6-1.png?resize=2048%2C1229&amp;ssl=1 2048w\" sizes=\"auto, (max-width: 1000px) 100vw, 1000px\" \/><\/figure>\n\n\n\n<h2 class=\"wp-block-heading text-4xl\/tight font-extrabold text-slate-900 [text-wrap:balance] has-contrast-color has-text-color has-link-color wp-elements-4d9ebbebe5540883716ff5415f37584d\" style=\"margin-top:var(--wp--preset--spacing--20);margin-bottom:var(--wp--preset--spacing--20)\">Cumpla con sus requisitos de PDH con nuestros cursos<\/h2>\n\n\n\n<p class=\"mt-4 space-y-4 text-lg\/loose has-contrast-color has-text-color has-link-color has-md-font-size wp-elements-2b87eb9984ead7994e02d8715880c5ab\" style=\"padding-top:var(--wp--preset--spacing--30);padding-bottom:var(--wp--preset--spacing--30)\">Mejore sus habilidades y cumpla con los requisitos de licenciamiento a trav\u00e9s de cursos de PDH acreditados y din\u00e1micos. \u00danase a nuestra comunidad de <br>PDH y explore temas comes dise\u00f1o estructural, gesti\u00f3n de proyectos, \u00e9tica y mucho m\u00e1s.<\/p>\n\n\n\n<div class=\"wp-block-buttons is-layout-flex wp-container-core-buttons-is-layout-6f59021e wp-block-buttons-is-layout-flex\" style=\"margin-top:0;margin-bottom:0\">\n<div class=\"wp-block-button\"><a class=\"wp-block-button__link wp-element-button\" href=\"https:\/\/strucalc.com\/es\/ingenieros-estructurales-pdh\/\" style=\"padding-top:var(--wp--preset--spacing--30);padding-bottom:var(--wp--preset--spacing--30)\"><strong>M\u00e1s Informaci\u00f3n<\/strong><\/a><\/div>\n<\/div>\n<\/div>\n\n\n\n<div class=\"wp-block-column is-vertically-aligned-top is-layout-flow wp-block-column-is-layout-flow\">\n<figure class=\"wp-block-image size-large\" id=\"pdhbundle\"><a href=\"https:\/\/strucalc.com\/register\/?sc_product=pdh-yearly\"><img data-recalc-dims=\"1\" loading=\"lazy\" decoding=\"async\" width=\"1024\" height=\"614\" src=\"https:\/\/i0.wp.com\/strucalc.com\/wp-content\/uploads\/\/Black-Friday-Gift-Box-Instagram-Story-1080-x-1920-px-1920-x-1080-px-1800-x-1080-px-35.png?resize=1024%2C614&#038;ssl=1\" alt=\"\" class=\"wp-image-4764\" style=\"object-fit:cover\" srcset=\"https:\/\/i0.wp.com\/strucalc.com\/wp-content\/uploads\/Black-Friday-Gift-Box-Instagram-Story-1080-x-1920-px-1920-x-1080-px-1800-x-1080-px-35.png?resize=1024%2C614&amp;ssl=1 1024w, https:\/\/i0.wp.com\/strucalc.com\/wp-content\/uploads\/Black-Friday-Gift-Box-Instagram-Story-1080-x-1920-px-1920-x-1080-px-1800-x-1080-px-35.png?resize=300%2C180&amp;ssl=1 300w, https:\/\/i0.wp.com\/strucalc.com\/wp-content\/uploads\/Black-Friday-Gift-Box-Instagram-Story-1080-x-1920-px-1920-x-1080-px-1800-x-1080-px-35.png?resize=150%2C90&amp;ssl=1 150w, https:\/\/i0.wp.com\/strucalc.com\/wp-content\/uploads\/Black-Friday-Gift-Box-Instagram-Story-1080-x-1920-px-1920-x-1080-px-1800-x-1080-px-35.png?resize=768%2C461&amp;ssl=1 768w, https:\/\/i0.wp.com\/strucalc.com\/wp-content\/uploads\/Black-Friday-Gift-Box-Instagram-Story-1080-x-1920-px-1920-x-1080-px-1800-x-1080-px-35.png?resize=1536%2C922&amp;ssl=1 1536w, https:\/\/i0.wp.com\/strucalc.com\/wp-content\/uploads\/Black-Friday-Gift-Box-Instagram-Story-1080-x-1920-px-1920-x-1080-px-1800-x-1080-px-35.png?resize=2048%2C1229&amp;ssl=1 2048w, https:\/\/i0.wp.com\/strucalc.com\/wp-content\/uploads\/Black-Friday-Gift-Box-Instagram-Story-1080-x-1920-px-1920-x-1080-px-1800-x-1080-px-35.png?w=3000&amp;ssl=1 3000w\" sizes=\"auto, (max-width: 1000px) 100vw, 1000px\" \/><\/a><\/figure>\n\n\n\n<h2 class=\"wp-block-heading text-4xl\/tight font-extrabold text-slate-900 [text-wrap:balance] has-contrast-color has-text-color has-link-color wp-elements-0dcde493fb16097d0595fe0f70432d0c\" style=\"margin-top:var(--wp--preset--spacing--20);margin-bottom:var(--wp--preset--spacing--20)\">Descubra Nuestra Oferta de Paquete PDH<\/h2>\n\n\n\n<p class=\"mt-4 space-y-4 text-lg\/loose has-contrast-color has-text-color has-link-color has-md-font-size wp-elements-72facb8dc4f3f5fe90012c2cc51af4b1\" style=\"padding-top:var(--wp--preset--spacing--40);padding-bottom:var(--wp--preset--spacing--40)\"><strong>StruCalc Pro con PDH<\/strong> le permite dise\u00f1ar y calcular sus proyectos mientras mantiene su licencia de ingenier\u00eda estructural al d\u00eda con nuestra amplia selecci\u00f3n de cursos PDH. StruCalc Pro con PDH incluye todos los beneficios de la versi\u00f3n Pro, junto con <strong>15 horas de PDH<\/strong>, incluyendo <strong>1 curso de \u00e9tica<\/strong>.<\/p>\n\n\n\n<div class=\"wp-block-buttons is-layout-flex wp-container-core-buttons-is-layout-6f59021e wp-block-buttons-is-layout-flex\" style=\"margin-top:0;margin-bottom:0\">\n<div class=\"wp-block-button\"><a class=\"wp-block-button__link wp-element-button\" href=\"https:\/\/strucalc.com\/register\/?sc_product=pdh-yearly\" style=\"padding-top:var(--wp--preset--spacing--30);padding-bottom:var(--wp--preset--spacing--30)\"><strong>M\u00e1s Informaci\u00f3n<\/strong><\/a><\/div>\n<\/div>\n<\/div>\n<\/div>\n\n\n\n<div style=\"height:35px\" aria-hidden=\"true\" class=\"wp-block-spacer\"><\/div>\n\n\n\n<div class=\"wp-block-group alignfull bg-gradient-to-b from-transparent to-slate-100 has-global-padding is-layout-constrained wp-block-group-is-layout-constrained\" style=\"padding-top:0rem;padding-bottom:0rem\">\n<p class=\"has-text-align-center has-sm-font-size\" style=\"margin-top:0;margin-bottom:0;padding-top:var(--wp--preset--spacing--40);padding-right:0;padding-bottom:0;padding-left:0;font-style:normal;font-weight:600;text-transform:uppercase\"><strong>Con la confianza de:<\/strong><\/p>\n\n\n<div id=\"\" class=\"block-logo-cloud\" style=\"padding-bottom:var(--wp--preset--spacing--20);\" class=\"align wp-block-acf-logo-cloud\">\n   <div style=\"overflow-x: clip;\">\n      <div class=\"w-screen max-w-full overflow-hidden sm:[mask-image:_linear-gradient(to_right,transparent_0,_black_20vw,_black_calc(100%-20vw),transparent_100%)]\">\n         <div class=\" inline-flex w-[200vw] flex-nowrap overflow-hidden mestion-reduce:w-screen sm:mestion-reduce:px-[10vw]\">\n                        <ul class=\"-ml-2 mr-2 flex w-screen animate-loopScroll items-center justify-center gap-4 [animation-play-state:running] mestion-reduce:container group-hover:[animation-play-state:paused] mestion-reduce:animate-none md:mx-3 md:-ml-3 md:gap-6\">\n                                 <li class=\"w-full\">\n                     <img\n                        class=\"mx-auto max-h-16 w-auto max-w-[7.5rem] lg:max-h-32 lg:max-w-[10rem]\"\n                        src=https:\/\/strucalc.com\/wp-content\/uploads\/2024\/06\/fws.svg                        alt=                     \/>\n                  <\/li>\n                                 <li class=\"w-full\">\n                     <img\n                        class=\"mx-auto max-h-16 w-auto max-w-[7.5rem] lg:max-h-32 lg:max-w-[10rem]\"\n                        src=https:\/\/strucalc.com\/wp-content\/uploads\/2024\/06\/bend.svg                        alt=                     \/>\n                  <\/li>\n                                 <li class=\"w-full\">\n                     <img\n                        class=\"mx-auto max-h-16 w-auto max-w-[7.5rem] lg:max-h-32 lg:max-w-[10rem]\"\n                        src=https:\/\/strucalc.com\/wp-content\/uploads\/2024\/06\/vegas.svg                        alt=                     \/>\n                  <\/li>\n                                 <li class=\"w-full\">\n                     <img\n                        class=\"mx-auto max-h-16 w-auto max-w-[7.5rem] lg:max-h-32 lg:max-w-[10rem]\"\n                        src=https:\/\/strucalc.com\/wp-content\/uploads\/2024\/06\/anchorage.svg                        alt=                     \/>\n                  <\/li>\n                                 <li class=\"w-full\">\n                     <img\n                        class=\"mx-auto max-h-16 w-auto max-w-[7.5rem] lg:max-h-32 lg:max-w-[10rem]\"\n                        src=https:\/\/strucalc.com\/wp-content\/uploads\/2024\/06\/stafford.svg                        alt=                     \/>\n                  <\/li>\n                           <\/ul>\n   \n            <ul class=\"-ml-2 mr-2 flex w-screen animate-loopScroll items-center justify-center gap-4 [animation-play-state:running] group-hover:[animation-play-state:paused] mestion-reduce:hidden md:mx-3 md:-ml-3 md:gap-6\" aria-hidden=\"true\">\n                                 <li class=\"w-full\">\n                     <img\n                        class=\"mx-auto max-h-16 w-auto max-w-[7.5rem] lg:max-h-32 lg:max-w-[10rem]\"\n                        src=https:\/\/strucalc.com\/wp-content\/uploads\/2024\/06\/fws.svg                        alt=                     \/>\n                  <\/li>\n                                 <li class=\"w-full\">\n                     <img\n                        class=\"mx-auto max-h-16 w-auto max-w-[7.5rem] lg:max-h-32 lg:max-w-[10rem]\"\n                        src=https:\/\/strucalc.com\/wp-content\/uploads\/2024\/06\/bend.svg                        alt=                     \/>\n                  <\/li>\n                                 <li class=\"w-full\">\n                     <img\n                        class=\"mx-auto max-h-16 w-auto max-w-[7.5rem] lg:max-h-32 lg:max-w-[10rem]\"\n                        src=https:\/\/strucalc.com\/wp-content\/uploads\/2024\/06\/vegas.svg                        alt=                     \/>\n                  <\/li>\n                                 <li class=\"w-full\">\n                     <img\n                        class=\"mx-auto max-h-16 w-auto max-w-[7.5rem] lg:max-h-32 lg:max-w-[10rem]\"\n                        src=https:\/\/strucalc.com\/wp-content\/uploads\/2024\/06\/anchorage.svg                        alt=                     \/>\n                  <\/li>\n                                 <li class=\"w-full\">\n                     <img\n                        class=\"mx-auto max-h-16 w-auto max-w-[7.5rem] lg:max-h-32 lg:max-w-[10rem]\"\n                        src=https:\/\/strucalc.com\/wp-content\/uploads\/2024\/06\/stafford.svg                        alt=                     \/>\n                  <\/li>\n                           <\/ul>\n   \n                        \n         <\/div>\n      <\/div>\n   <\/div>\n<\/div><!-- block-logo-cloud --><\/div>\n\n\n\n<div class=\"wp-block-group alignfull has-global-padding is-layout-constrained wp-block-group-is-layout-constrained\" style=\"margin-top:0px;margin-bottom:0px\">\n<div class=\"wp-block-group alignfull has-base-background-color has-background has-global-padding is-layout-constrained wp-block-group-is-layout-constrained\" style=\"margin-top:0px;margin-bottom:0px\">\n<div class=\"wp-block-group alignfull bg-gradient-to-b from-sky-400\/20 to-slate-50 has-global-padding is-layout-constrained wp-block-group-is-layout-constrained\" style=\"margin-top:0px;margin-bottom:0px\">\n<div class=\"wp-block-media-text is-stacked-on-mesbile\" style=\"padding-bottom:var(--wp--preset--spacing--60)\"><figure class=\"wp-block-media-text__media\"><img loading=\"lazy\" decoding=\"async\" width=\"1920\" height=\"1488\" src=\"https:\/\/strucalc.com\/wp-content\/uploads\/2024\/06\/ui-architect.06670fd1.avif\" alt=\"\" class=\"wp-image-119 size-full\"\/><\/figure><div class=\"wp-block-media-text__content\">\n<h2 class=\"wp-block-heading text-4xl\/tight font-extrabold text-slate-900 [text-wrap:balance]\">Interfaz f\u00e1cil de usar<\/h2>\n\n\n\n<p class=\"mt-4 space-y-4 text-lg\/loose\">C\u00e1lculos de ingenier\u00eda, normas de dise\u00f1o y referencias de c\u00f3digos de construcci\u00f3n \u2014 todo en un solo lugar. <strong>StruCalc est\u00e1 enfocado en ayudarle a completar su trabajo.<\/strong><\/p>\n<\/div><\/div>\n\n\n\n<div class=\"wp-block-media-text has-media-on-the-right is-stacked-on-mesbile\" style=\"padding-bottom:var(--wp--preset--spacing--30)\"><div class=\"wp-block-media-text__content\">\n<h2 class=\"wp-block-heading text-4xl\/tight font-extrabold text-slate-900 [text-wrap:balance]\">Genere informes organizados<\/h2>\n\n\n\n<p class=\"mt-4 space-y-4 text-lg\/loose\">Presente sus paquetes de c\u00e1lculo con total confianza. StruCalc genera informes limpios, organizados y precisos, listos para ser entregados.<\/p>\n<\/div><figure class=\"wp-block-media-text__media\"><img loading=\"lazy\" decoding=\"async\" width=\"1920\" height=\"1488\" src=\"https:\/\/strucalc.com\/wp-content\/uploads\/2024\/06\/reports.66da0c79.avif\" alt=\"\" class=\"wp-image-120 size-full\"\/><\/figure><\/div>\n\n\n\n<div class=\"wp-block-group alignfull has-global-padding is-layout-constrained wp-container-core-group-is-layout-1825c34d wp-block-group-is-layout-constrained\" style=\"padding-top:5.2rem;padding-bottom:10rem\">\n<h2 class=\"wp-block-heading has-text-align-center font-bold tracking-tight text-gray-900 fluid-text-xl sm:fluid-text-2xl\">\u00bfTiene preguntas de dise\u00f1o?<\/h2>\n\n\n\n<p class=\"has-text-align-center text-lg leading-8 text-gray-600\">StruCalc ofrece soporte personalizado uno a uno en ingenier\u00eda y capacitaci\u00f3n sin costo adicional. Estamess comprometidos con el \u00e9xito y crecimiento de su empresa en cada etapa del proceso de dise\u00f1o. Comience hoy mismes para saber m\u00e1s.<\/p>\n\n\n\n<div class=\"wp-block-buttons is-content-justification-center is-layout-flex wp-container-core-buttons-is-layout-a89b3969 wp-block-buttons-is-layout-flex\">\n<div class=\"wp-block-button\"><a class=\"wp-block-button__link wp-element-button\" href=\"https:\/\/strucalc.com\/es\/precios\/\"><strong>Empiece hoy<\/strong><\/a><\/div>\n<\/div>\n<\/div>\n\n\n\n<div class=\"wp-block-group alignfull has-global-padding is-layout-constrained wp-block-group-is-layout-constrained\" style=\"margin-top:0px;padding-top:2.5rem;padding-bottom:10rem\">\n<h2 class=\"wp-block-heading has-text-align-center text-center font-bold tracking-tight text-slate-900 fluid-text-xl sm:fluid-text-2xl\" style=\"margin-bottom:var(--wp--preset--spacing--60)\">Funciones que los ingenieros aman<\/h2>\n\n\n<div id=\"\" class=\"block-list-feature\" class=\"align wp-block-acf-list-feature\">\r\n   \r\n               <div class=\"container grid items-center gap-x-6 gap-y-12 text-center sm:grid-cols-2 lg:grid-cols-3\">\r\n                           <div class=\"justify-top group flex h-full flex-col items-center gap-2\">\r\n                  <div class=\"flex h-20 w-20 flex-shrink-0 items-center justify-center rounded bg-sky-500\/60 notch\">\r\n                     <i data-lucide=\"link\" class=\"h-8 w-8 flex-shrink-0 text-white\"><\/i>\r\n                  <\/div>\r\n\r\n                  <div class=\"[text-wrap:balance]\">\r\n                     <h3 class=\"text-lg\/tight font-semibold text-slate-800 group-hover:text-slate-600 m-0\">Link load paths<\/h3>\r\n\t\t\t\t\t\t\t<p class=\"mt-1 text-slate-600\">Dynamically track your loads with linked paths.<\/p>\r\n\t\t\t\t\t\t<\/div>\r\n               <\/div>\r\n                           <div class=\"justify-top group flex h-full flex-col items-center gap-2\">\r\n                  <div class=\"flex h-20 w-20 flex-shrink-0 items-center justify-center rounded bg-sky-500\/60 notch\">\r\n                     <i data-lucide=\"trees\" class=\"h-8 w-8 flex-shrink-0 text-white\"><\/i>\r\n                  <\/div>\r\n\r\n                  <div class=\"[text-wrap:balance]\">\r\n                     <h3 class=\"text-lg\/tight font-semibold text-slate-800 group-hover:text-slate-600 m-0\">Commesn engineering design materials<\/h3>\r\n\t\t\t\t\t\t\t<p class=\"mt-1 text-slate-600\">Comprehensive and customizable database.<\/p>\r\n\t\t\t\t\t\t<\/div>\r\n               <\/div>\r\n                           <div class=\"justify-top group flex h-full flex-col items-center gap-2\">\r\n                  <div class=\"flex h-20 w-20 flex-shrink-0 items-center justify-center rounded bg-sky-500\/60 notch\">\r\n                     <i data-lucide=\"book-open-check\" class=\"h-8 w-8 flex-shrink-0 text-white\"><\/i>\r\n                  <\/div>\r\n\r\n                  <div class=\"[text-wrap:balance]\">\r\n                     <h3 class=\"text-lg\/tight font-semibold text-slate-800 group-hover:text-slate-600 m-0\">Code &#038; standard references<\/h3>\r\n\t\t\t\t\t\t\t<p class=\"mt-1 text-slate-600\">2024 International Building Code and 2024 National Design Specification.<\/p>\r\n\t\t\t\t\t\t<\/div>\r\n               <\/div>\r\n                           <div class=\"justify-top group flex h-full flex-col items-center gap-2\">\r\n                  <div class=\"flex h-20 w-20 flex-shrink-0 items-center justify-center rounded bg-sky-500\/60 notch\">\r\n                     <i data-lucide=\"wand\" class=\"h-8 w-8 flex-shrink-0 text-white\"><\/i>\r\n                  <\/div>\r\n\r\n                  <div class=\"[text-wrap:balance]\">\r\n                     <h3 class=\"text-lg\/tight font-semibold text-slate-800 group-hover:text-slate-600 m-0\">Auto sizing<\/h3>\r\n\t\t\t\t\t\t\t<p class=\"mt-1 text-slate-600\">Let StruCalc engines do the work to helping you decide on elements for your design<\/p>\r\n\t\t\t\t\t\t<\/div>\r\n               <\/div>\r\n                           <div class=\"justify-top group flex h-full flex-col items-center gap-2\">\r\n                  <div class=\"flex h-20 w-20 flex-shrink-0 items-center justify-center rounded bg-sky-500\/60 notch\">\r\n                     <i data-lucide=\"sparkles\" class=\"h-8 w-8 flex-shrink-0 text-white\"><\/i>\r\n                  <\/div>\r\n\r\n                  <div class=\"[text-wrap:balance]\">\r\n                     <h3 class=\"text-lg\/tight font-semibold text-slate-800 group-hover:text-slate-600 m-0\">Adequacy Cards<\/h3>\r\n\t\t\t\t\t\t\t<p class=\"mt-1 text-slate-600\">Clean visual interfacing for pass\/fail during data analysis.<\/p>\r\n\t\t\t\t\t\t<\/div>\r\n               <\/div>\r\n                           <div class=\"justify-top group flex h-full flex-col items-center gap-2\">\r\n                  <div class=\"flex h-20 w-20 flex-shrink-0 items-center justify-center rounded bg-sky-500\/60 notch\">\r\n                     <i data-lucide=\"pencil-ruler\" class=\"h-8 w-8 flex-shrink-0 text-white\"><\/i>\r\n                  <\/div>\r\n\r\n                  <div class=\"[text-wrap:balance]\">\r\n                     <h3 class=\"text-lg\/tight font-semibold text-slate-800 group-hover:text-slate-600 m-0\">Complete Project Output<\/h3>\r\n\t\t\t\t\t\t\t<p class=\"mt-1 text-slate-600\">Easy to read downloadable project files. Includes all engineering data needed for permitting.<\/p>\r\n\t\t\t\t\t\t<\/div>\r\n               <\/div>\r\n                     <\/div>\r\n         <\/div><!-- block-list-feature --><\/div>\n<\/div>\n<\/div>\n\n\n\n<div class=\"wp-block-group alignfull bg-gradient-to-b from-transparent to-slate-100 has-global-padding is-layout-constrained wp-block-group-is-layout-constrained\" style=\"padding-top:2.5rem;padding-bottom:4rem\">\n<div class=\"wp-block-columns is-layout-flex wp-container-core-columns-is-layout-28f84493 wp-block-columns-is-layout-flex\">\n<div class=\"wp-block-column is-layout-flow wp-block-column-is-layout-flow\" style=\"flex-basis:75%\">\n<h2 class=\"wp-block-heading text-xl font-bold tracking-tight text-sky-600 transition duration-[1200ms] [text-wrap:balance] sm:text-2xl\/tight lg:text-4xl\/tight has-3-xl-font-size\">Ahorre tiempo y conc\u00e9ntrese en lo que realmente importa.<br><span class=\"text-slate-900\">Comience hoy mismes.<\/span><\/h2>\n<\/div>\n\n\n\n<div class=\"wp-block-column is-layout-flow wp-block-column-is-layout-flow\" style=\"flex-basis:25%\">\n<div class=\"wp-block-buttons is-content-justification-center is-layout-flex wp-container-core-buttons-is-layout-a89b3969 wp-block-buttons-is-layout-flex\">\n<div class=\"wp-block-button\"><a class=\"wp-block-button__link wp-element-button\" href=\"https:\/\/strucalc.com\/es\/precios\/\"><strong>Empiece hoy<\/strong><\/a><\/div>\n<\/div>\n<\/div>\n<\/div>\n<\/div>\n<\/div>\n","protected":false},"excerpt":{"rendered":"<p>Acceda a sus cursos de PDH a continuaci\u00f3n o suscr\u00edbase a nuestro software de dise\u00f1o premium y obtenga todos sus cursos de PDH \u00a1GRATIS! Cumpla con sus requisitos de PDH con nuestros cursos Mejore sus habilidades y cumpla con los requisitos de licenciamiento a trav\u00e9s de cursos de PDH acreditados y din\u00e1micos. \u00danase a nuestra [&hellip;]<\/p>\n","protected":false},"author":12,"featured_media":0,"parent":0,"menu_order":0,"comment_status":"closed","ping_status":"closed","template":"","meta":{"_acf_changed":false,"footnotes":""},"class_list":["post-5243","page","type-page","status-publish","hentry"],"acf":[],"jetpack_sharing_enabled":true,"_links":{"self":[{"href":"https:\/\/strucalc.com\/es\/wp-json\/wp\/v2\/pages\/5243","targetHints":{"allow":["GET"]}}],"collection":[{"href":"https:\/\/strucalc.com\/es\/wp-json\/wp\/v2\/pages"}],"about":[{"href":"https:\/\/strucalc.com\/es\/wp-json\/wp\/v2\/types\/page"}],"author":[{"embeddable":true,"href":"https:\/\/strucalc.com\/es\/wp-json\/wp\/v2\/users\/12"}],"replies":[{"embeddable":true,"href":"https:\/\/strucalc.com\/es\/wp-json\/wp\/v2\/comments?post=5243"}],"version-history":[{"count":0,"href":"https:\/\/strucalc.com\/es\/wp-json\/wp\/v2\/pages\/5243\/revisions"}],"wp:attachment":[{"href":"https:\/\/strucalc.com\/es\/wp-json\/wp\/v2\/media?parent=5243"}],"curies":[{"name":"wp","href":"https:\/\/api.w.org\/{rel}","templated":true}]}}