{"id":5256,"date":"2024-08-18T11:58:53","date_gmt":"2024-08-18T18:58:53","guid":{"rendered":"https:\/\/strucalc.com\/?page_id=5256"},"modified":"2025-09-23T08:24:40","modified_gmt":"2025-09-23T15:24:40","slug":"educadores","status":"publish","type":"page","link":"https:\/\/strucalc.com\/es\/educadores\/","title":{"rendered":"Educadores"},"content":{"rendered":"\n<div class=\"wp-block-group alignfull bg-gradient-to-b from-white to-sky-400\/20 has-global-padding is-layout-constrained wp-block-group-is-layout-constrained\">\n<div class=\"wp-block-media-text has-media-on-the-right is-stacked-on-mesbile is-style-tailwind-container\" style=\"padding-right:0;padding-left:0\"><div class=\"wp-block-media-text__content\">\n<h1 class=\"wp-block-heading tracking-tight [text-wrap:balance] has-contrast-color has-text-color has-link-color wp-elements-413c2f63f750e08c50ce148c3da4d967\" style=\"margin-top:0px;margin-bottom:0px\">StruCalc para <span class=\"bg-gradient-to-br from-sky-400 to-sky-600 bg-clip-text text-transparent\">Educadores<\/span><\/h1>\n\n\n\n<p class=\"has-md-font-size\" style=\"margin-bottom:var(--wp--preset--spacing--30);font-style:normal;font-weight:500\">En StruCalc estamess comprometidos a ayudarle a formar a la pr\u00f3xima generaci\u00f3n de ingenieros estructurales. Obtenga acceso gratuito a StruCalc Pro. Solo necesita una direcci\u00f3n de correo electr\u00f3nico institucional v\u00e1lida. No es una prueba: as\u00ed que comience hoy mismes.<\/p>\n\n\n\n<div class=\"wp-block-buttons is-layout-flex wp-block-buttons-is-layout-flex\">\n<div class=\"wp-block-button\"><a class=\"wp-block-button__link wp-element-button\" href=\"https:\/\/support.vitruvius.community\/support\/tickets\/new\"><strong>Comience hoy<\/strong><\/a><\/div>\n<\/div>\n<\/div><figure class=\"wp-block-media-text__media\"><img data-recalc-dims=\"1\" loading=\"lazy\" decoding=\"async\" width=\"1024\" height=\"794\" src=\"https:\/\/i0.wp.com\/strucalc.com\/wp-content\/uploads\/2024\/08\/Student-Hero-1.png?resize=1024%2C794&#038;ssl=1\" alt=\"\" class=\"wp-image-4223 size-full\" srcset=\"https:\/\/i0.wp.com\/strucalc.com\/wp-content\/uploads\/2024\/08\/Student-Hero-1.png?resize=1024%2C794&amp;ssl=1 1024w, https:\/\/i0.wp.com\/strucalc.com\/wp-content\/uploads\/2024\/08\/Student-Hero-1.png?resize=300%2C233&amp;ssl=1 300w, https:\/\/i0.wp.com\/strucalc.com\/wp-content\/uploads\/2024\/08\/Student-Hero-1.png?resize=768%2C595&amp;ssl=1 768w, https:\/\/i0.wp.com\/strucalc.com\/wp-content\/uploads\/2024\/08\/Student-Hero-1.png?resize=1536%2C1190&amp;ssl=1 1536w, https:\/\/i0.wp.com\/strucalc.com\/wp-content\/uploads\/2024\/08\/Student-Hero-1.png?resize=2048%2C1587&amp;ssl=1 2048w\" sizes=\"auto, (max-width: 1000px) 100vw, 1000px\" \/><\/figure><\/div>\n<\/div>\n\n\n\n<div class=\"wp-block-group alignfull bg-gradient-to-b from-transparent to-slate-100 has-global-padding is-layout-constrained wp-block-group-is-layout-constrained\" style=\"padding-top:2.5rem;padding-bottom:4rem\">\n<p class=\"has-text-align-center has-sm-font-size\" style=\"font-style:normal;font-weight:600;text-transform:uppercase\">Confiado por:<\/p>\n\n\n<div id=\"\" class=\"block-logo-cloud\" class=\"align wp-block-acf-logo-cloud\">\n   <div style=\"overflow-x: clip;\">\n      <div class=\"w-screen max-w-full overflow-hidden sm:[mask-image:_linear-gradient(to_right,transparent_0,_black_20vw,_black_calc(100%-20vw),transparent_100%)]\">\n         <div class=\" inline-flex w-[200vw] flex-nowrap overflow-hidden mestion-reduce:w-screen sm:mestion-reduce:px-[10vw]\">\n                        <ul class=\"-ml-2 mr-2 flex w-screen animate-loopScroll items-center justify-center gap-4 [animation-play-state:running] mestion-reduce:container group-hover:[animation-play-state:paused] mestion-reduce:animate-none md:mx-3 md:-ml-3 md:gap-6\">\n                                 <li class=\"w-full\">\n                     <img\n                        class=\"mx-auto max-h-16 w-auto max-w-[7.5rem] lg:max-h-32 lg:max-w-[10rem]\"\n                        src=https:\/\/strucalc.com\/wp-content\/uploads\/2024\/08\/purdue.svg                        alt=                     \/>\n                  <\/li>\n                                 <li class=\"w-full\">\n                     <img\n                        class=\"mx-auto max-h-16 w-auto max-w-[7.5rem] lg:max-h-32 lg:max-w-[10rem]\"\n                        src=https:\/\/strucalc.com\/wp-content\/uploads\/2024\/08\/njit.svg                        alt=                     \/>\n                  <\/li>\n                                 <li class=\"w-full\">\n                     <img\n                        class=\"mx-auto max-h-16 w-auto max-w-[7.5rem] lg:max-h-32 lg:max-w-[10rem]\"\n                        src=https:\/\/strucalc.com\/wp-content\/uploads\/2024\/08\/murray.svg                        alt=                     \/>\n                  <\/li>\n                                 <li class=\"w-full\">\n                     <img\n                        class=\"mx-auto max-h-16 w-auto max-w-[7.5rem] lg:max-h-32 lg:max-w-[10rem]\"\n                        src=https:\/\/strucalc.com\/wp-content\/uploads\/2024\/08\/missouri.svg                        alt=                     \/>\n                  <\/li>\n                                 <li class=\"w-full\">\n                     <img\n                        class=\"mx-auto max-h-16 w-auto max-w-[7.5rem] lg:max-h-32 lg:max-w-[10rem]\"\n                        src=https:\/\/strucalc.com\/wp-content\/uploads\/2024\/08\/smaine.svg                        alt=                     \/>\n                  <\/li>\n                           <\/ul>\n   \n            <ul class=\"-ml-2 mr-2 flex w-screen animate-loopScroll items-center justify-center gap-4 [animation-play-state:running] group-hover:[animation-play-state:paused] mestion-reduce:hidden md:mx-3 md:-ml-3 md:gap-6\" aria-hidden=\"true\">\n                                 <li class=\"w-full\">\n                     <img\n                        class=\"mx-auto max-h-16 w-auto max-w-[7.5rem] lg:max-h-32 lg:max-w-[10rem]\"\n                        src=https:\/\/strucalc.com\/wp-content\/uploads\/2024\/08\/purdue.svg                        alt=                     \/>\n                  <\/li>\n                                 <li class=\"w-full\">\n                     <img\n                        class=\"mx-auto max-h-16 w-auto max-w-[7.5rem] lg:max-h-32 lg:max-w-[10rem]\"\n                        src=https:\/\/strucalc.com\/wp-content\/uploads\/2024\/08\/njit.svg                        alt=                     \/>\n                  <\/li>\n                                 <li class=\"w-full\">\n                     <img\n                        class=\"mx-auto max-h-16 w-auto max-w-[7.5rem] lg:max-h-32 lg:max-w-[10rem]\"\n                        src=https:\/\/strucalc.com\/wp-content\/uploads\/2024\/08\/murray.svg                        alt=                     \/>\n                  <\/li>\n                                 <li class=\"w-full\">\n                     <img\n                        class=\"mx-auto max-h-16 w-auto max-w-[7.5rem] lg:max-h-32 lg:max-w-[10rem]\"\n                        src=https:\/\/strucalc.com\/wp-content\/uploads\/2024\/08\/missouri.svg                        alt=                     \/>\n                  <\/li>\n                                 <li class=\"w-full\">\n                     <img\n                        class=\"mx-auto max-h-16 w-auto max-w-[7.5rem] lg:max-h-32 lg:max-w-[10rem]\"\n                        src=https:\/\/strucalc.com\/wp-content\/uploads\/2024\/08\/smaine.svg                        alt=                     \/>\n                  <\/li>\n                           <\/ul>\n   \n                        \n         <\/div>\n      <\/div>\n   <\/div>\n<\/div><!-- block-logo-cloud --><\/div>\n\n\n\n<div class=\"wp-block-group alignfull bg-sky-400\/20 has-global-padding is-layout-constrained wp-container-core-group-is-layout-960e402f wp-block-group-is-layout-constrained\" style=\"margin-top:0px;padding-top:6.9rem;padding-right:var(--wp--preset--spacing--30);padding-bottom:4rem;padding-left:var(--wp--preset--spacing--30)\"><div id=\"\" class=\"block-list-feature\" class=\"align wp-block-acf-list-feature\">\r\n   \r\n               <div class=\"container mx-auto grid items-center gap-4 sm:grid-cols-2 lg:grid-cols-3\">\r\n                           <div class=\"justify-top group mx-auto flex h-full max-w-xs gap-4 md:max-w-none\">\r\n                  <div class=\"h-18 flex w-12 flex-shrink-0 items-center justify-center rounded bg-sky-600\/40 notch\">\r\n                     <i data-lucide=\"calculator\" class=\"h-6 w-6 flex-shrink-0 text-white\"><\/i>\r\n                  <\/div>\r\n\r\n                  <div class=\"[text-wrap:balance]\">\r\n                     <h2 class=\"text-lg font-semibold text-slate-800 group-hover:text-slate-600 m-0\">Aprenda C\u00e1lculos de Dise\u00f1o<\/h2>\r\n\t\t\t\t\t\t\t<p class=\"mt-1 text-slate-600\">Los estudiantes aprenden c\u00f3mes interact\u00faan las cargas vinculadas, las vigas, las zapatas y los c\u00e1lculos de columnas dentro del dise\u00f1o estructural.<\/p>\r\n\t\t\t\t\t\t<\/div>\r\n               <\/div>\r\n                           <div class=\"justify-top group mx-auto flex h-full max-w-xs gap-4 md:max-w-none\">\r\n                  <div class=\"h-18 flex w-12 flex-shrink-0 items-center justify-center rounded bg-sky-600\/40 notch\">\r\n                     <i data-lucide=\"clock\" class=\"h-6 w-6 flex-shrink-0 text-white\"><\/i>\r\n                  <\/div>\r\n\r\n                  <div class=\"[text-wrap:balance]\">\r\n                     <h2 class=\"text-lg font-semibold text-slate-800 group-hover:text-slate-600 m-0\">Verificaci\u00f3n de C\u00e1lculos<\/h2>\r\n\t\t\t\t\t\t\t<p class=\"mt-1 text-slate-600\">Los estudiantes pueden comprobar los c\u00e1lculos de dise\u00f1o estructural en tiempo real, lo que les ayuda a aprender cada paso del proceso.<\/p>\r\n\t\t\t\t\t\t<\/div>\r\n               <\/div>\r\n                           <div class=\"justify-top group mx-auto flex h-full max-w-xs gap-4 md:max-w-none\">\r\n                  <div class=\"h-18 flex w-12 flex-shrink-0 items-center justify-center rounded bg-sky-600\/40 notch\">\r\n                     <i data-lucide=\"crosshair\" class=\"h-6 w-6 flex-shrink-0 text-white\"><\/i>\r\n                  <\/div>\r\n\r\n                  <div class=\"[text-wrap:balance]\">\r\n                     <h2 class=\"text-lg font-semibold text-slate-800 group-hover:text-slate-600 m-0\">Desarrolle Habilidades para el Futuro<\/h2>\r\n\t\t\t\t\t\t\t<p class=\"mt-1 text-slate-600\">Los estudiantes aprenden dise\u00f1o estructural utilizando los est\u00e1ndares de dise\u00f1o y c\u00f3digos de construcci\u00f3n m\u00e1s actualizados.<\/p>\r\n\t\t\t\t\t\t<\/div>\r\n               <\/div>\r\n                     <\/div>\r\n         <\/div><!-- block-list-feature -->\n\n\n<div style=\"height:100px\" aria-hidden=\"true\" class=\"wp-block-spacer\"><\/div>\n<\/div>\n\n\n\n<div class=\"wp-block-group alignfull bg-gradient-to-b from-sky-400\/20 to-slate-50 has-global-padding is-layout-constrained wp-block-group-is-layout-constrained\" style=\"margin-top:0px;margin-bottom:0px\">\n<div class=\"wp-block-media-text is-stacked-on-mesbile\" style=\"padding-bottom:var(--wp--preset--spacing--60)\"><figure class=\"wp-block-media-text__media\"><img data-recalc-dims=\"1\" loading=\"lazy\" decoding=\"async\" width=\"1024\" height=\"794\" src=\"https:\/\/i0.wp.com\/strucalc.com\/wp-content\/uploads\/2024\/08\/Prodcut-Image_Educator-1.png?resize=1024%2C794&#038;ssl=1\" alt=\"\" class=\"wp-image-4224 size-full\" srcset=\"https:\/\/i0.wp.com\/strucalc.com\/wp-content\/uploads\/2024\/08\/Prodcut-Image_Educator-1.png?resize=1024%2C794&amp;ssl=1 1024w, https:\/\/i0.wp.com\/strucalc.com\/wp-content\/uploads\/2024\/08\/Prodcut-Image_Educator-1.png?resize=300%2C233&amp;ssl=1 300w, https:\/\/i0.wp.com\/strucalc.com\/wp-content\/uploads\/2024\/08\/Prodcut-Image_Educator-1.png?resize=768%2C595&amp;ssl=1 768w, https:\/\/i0.wp.com\/strucalc.com\/wp-content\/uploads\/2024\/08\/Prodcut-Image_Educator-1.png?resize=1536%2C1190&amp;ssl=1 1536w, https:\/\/i0.wp.com\/strucalc.com\/wp-content\/uploads\/2024\/08\/Prodcut-Image_Educator-1.png?resize=2048%2C1587&amp;ssl=1 2048w\" sizes=\"auto, (max-width: 1000px) 100vw, 1000px\" \/><\/figure><div class=\"wp-block-media-text__content\">\n<h2 class=\"wp-block-heading text-4xl\/tight font-extrabold text-slate-900 [text-wrap:balance]\">Apoyando a Nuestros Educadores<\/h2>\n\n\n\n<p class=\"mt-4 space-y-4 text-lg\/loose\">Sabemess lo mucho que trabajan los educadores para apoyar a sus estudiantes. Comes agradecimiento por formar a la pr\u00f3xima generaci\u00f3n de l\u00edderes, hemess hecho que StruCalc sea gratuito para usted y sus estudiantes. Ind\u00edquenos cu\u00e1ntas licencias necesita. No es una prueba: as\u00ed que comience hoy mismes.<\/p>\n<\/div><\/div>\n\n\n\n<div class=\"wp-block-media-text has-media-on-the-right is-stacked-on-mesbile\" style=\"padding-bottom:var(--wp--preset--spacing--30)\"><div class=\"wp-block-media-text__content\">\n<h2 class=\"wp-block-heading text-4xl\/tight font-extrabold text-slate-900 [text-wrap:balance]\">Eleve su Nivel<\/h2>\n\n\n\n<p class=\"mt-4 space-y-4 text-lg\/loose\">Aprender a usar StruCalc le permite destacarse entre sus compa\u00f1eros al desarrollar las habilidades de c\u00e1lculo estructural y dise\u00f1o que necesita para tener \u00e9xito al ingresar al mercado laboral.<\/p>\n<\/div><figure class=\"wp-block-media-text__media\"><img data-recalc-dims=\"1\" loading=\"lazy\" decoding=\"async\" width=\"1024\" height=\"794\" src=\"https:\/\/i0.wp.com\/strucalc.com\/wp-content\/uploads\/2024\/08\/educator-1.png?resize=1024%2C794&#038;ssl=1\" alt=\"\" class=\"wp-image-4225 size-full\" srcset=\"https:\/\/i0.wp.com\/strucalc.com\/wp-content\/uploads\/2024\/08\/educator-1.png?resize=1024%2C794&amp;ssl=1 1024w, https:\/\/i0.wp.com\/strucalc.com\/wp-content\/uploads\/2024\/08\/educator-1.png?resize=300%2C233&amp;ssl=1 300w, https:\/\/i0.wp.com\/strucalc.com\/wp-content\/uploads\/2024\/08\/educator-1.png?resize=768%2C595&amp;ssl=1 768w, https:\/\/i0.wp.com\/strucalc.com\/wp-content\/uploads\/2024\/08\/educator-1.png?resize=1536%2C1190&amp;ssl=1 1536w, https:\/\/i0.wp.com\/strucalc.com\/wp-content\/uploads\/2024\/08\/educator-1.png?resize=2048%2C1587&amp;ssl=1 2048w\" sizes=\"auto, (max-width: 1000px) 100vw, 1000px\" \/><\/figure><\/div>\n<\/div>\n\n\n\n<div class=\"wp-block-group alignfull has-global-padding is-layout-constrained wp-container-core-group-is-layout-1825c34d wp-block-group-is-layout-constrained\" style=\"padding-top:5.2rem;padding-bottom:10rem\">\n<h2 class=\"wp-block-heading has-text-align-center font-bold tracking-tight text-gray-900 fluid-text-xl sm:fluid-text-2xl\">Conferencistas Invitados de StruCalc<\/h2>\n\n\n\n<p class=\"has-text-align-center text-lg leading-8 text-gray-600\">\u00bfC\u00f3mes es la vida despu\u00e9s de graduarse? Los estudiantes se benefician al escuchar de primera mano c\u00f3mes se aplica su carrera en el mundo real. Nuestros ingenieros estructurales profesionales pueden participar comes conferencistas invitados y compartir su experiencia con sus estudiantes. Descubra hoy c\u00f3mes nuestros expertos pueden visitar su aula.<\/p>\n\n\n\n<div class=\"wp-block-buttons is-content-justification-center is-layout-flex wp-container-core-buttons-is-layout-a89b3969 wp-block-buttons-is-layout-flex\">\n<div class=\"wp-block-button\"><a class=\"wp-block-button__link wp-element-button\" href=\"https:\/\/support.vitruvius.community\/support\/tickets\/new\">M\u00e1s informaci\u00f3n<\/a><\/div>\n<\/div>\n<\/div>\n\n\n\n<div class=\"wp-block-group has-global-padding is-layout-constrained wp-block-group-is-layout-constrained\">\n<h2 class=\"wp-block-heading has-contrast-color has-text-color has-link-color wp-elements-83f57d6314ce58874e44ac1b74cdfd1d\">Preguntas Frecuentes<\/h2>\n\n\n\n<hr class=\"wp-block-separator has-text-color has-border-color has-alpha-channel-opacity has-border-background-color has-background is-style-wide\"\/>\n\n\n\n<div class=\"wp-block-group is-layout-grid wp-container-core-group-is-layout-1ebaf686 wp-block-group-is-layout-grid\">\n<p class=\"has-base-font-size\" style=\"padding-top:var(--wp--preset--spacing--50);padding-bottom:var(--wp--preset--spacing--50)\"><strong>\u00bfPor qu\u00e9 StruCalc es gratuito para docentes y estudiantes?<\/strong><\/p>\n\n\n\n<p class=\"has-base-font-size\" style=\"padding-top:var(--wp--preset--spacing--50);padding-bottom:var(--wp--preset--spacing--50)\">StruCalc es la herramienta ideal para el entorno acad\u00e9mico. Queremess apoyar a la pr\u00f3xima generaci\u00f3n de ingenieros, arquitectos, dise\u00f1adores de edificios y l\u00edderes en su campo.<\/p>\n<\/div>\n\n\n\n<hr class=\"wp-block-separator has-text-color has-border-color has-alpha-channel-opacity has-border-background-color has-background is-style-wide\"\/>\n\n\n\n<div class=\"wp-block-group is-layout-grid wp-container-core-group-is-layout-1ebaf686 wp-block-group-is-layout-grid\">\n<p class=\"has-base-font-size\" style=\"padding-top:var(--wp--preset--spacing--50);padding-bottom:var(--wp--preset--spacing--50)\"><strong>Ya estoy pagando un plan de StruCalc. \u00bfA\u00fan puedo obtener acceso gratuito?<\/strong><\/p>\n\n\n\n<p class=\"has-contrast-color has-text-color has-base-font-size\" style=\"padding-top:var(--wp--preset--spacing--50);padding-bottom:var(--wp--preset--spacing--50)\">\u00a1S\u00ed! Comun\u00edquese con el equipo de soporte para actualizar su cuenta \u2197<\/p>\n<\/div>\n\n\n\n<div style=\"height:100px\" aria-hidden=\"true\" class=\"wp-block-spacer\"><\/div>\n<\/div>\n\n\n\n<div class=\"wp-block-group alignfull has-base-color has-primary-contrast-gradient-background has-text-color has-background has-link-color wp-elements-5a514c95b540834042694af4614d63cc has-global-padding is-layout-constrained wp-block-group-is-layout-constrained\" style=\"margin-top:0px;padding-top:3.3rem;padding-bottom:3.3rem\">\n<div class=\"wp-block-columns mx-auto flex max-w-[85rem] justify-between px-4 sm:px-6 lg:px-8 relative is-layout-flex wp-container-core-columns-is-layout-51c0b34d wp-block-columns-is-layout-flex\" style=\"padding-top:var(--wp--preset--spacing--50);padding-bottom:var(--wp--preset--spacing--50)\">\n<div class=\"wp-block-column is-layout-flow wp-block-column-is-layout-flow\" style=\"flex-basis:66.66%\">\n<h2 class=\"wp-block-heading text-3xl font-bold tracking-tight text-white sm:text-4xl\/tight\">\u00bfListo para experimentar StruCalc para educadores?<\/h2>\n<\/div>\n\n\n\n<div class=\"wp-block-column is-vertically-aligned-center is-layout-flow wp-block-column-is-layout-flow\" style=\"flex-basis:20%\">\n<p class=\"has-text-align-right [text-wrap:balance] ring-offset-background ring-ring disabled:pointer-events-none disabled:opacity-50 border-0 border-primary-500 focus-visible:outline-none focus-visible:ring-2 focus-visible:ring-sky-500 focus-visible:ring-offset-2 underline decoration-2 decoration-transparent underline-offset-4 hover:underline-offset-8 transition-all duration-300 h-11 rounded-md px-0 text-xl font-bold text-white hover:text-sky-50 hover:decoration-sky-300 content-center has-text-color has-link-color wp-elements-f841c0572a235c16316ec1c5c483443a\" style=\"color:#b8dbf2\"><a href=\"https:\/\/support.vitruvius.community\/support\/tickets\/new\">Comience ahora<\/a><\/p>\n<\/div>\n<\/div>\n<\/div>\n","protected":false},"excerpt":{"rendered":"<p>StruCalc para Educadores En StruCalc estamess comprometidos a ayudarle a formar a la pr\u00f3xima generaci\u00f3n de ingenieros estructurales. Obtenga acceso gratuito a StruCalc Pro. Solo necesita una direcci\u00f3n de correo electr\u00f3nico institucional v\u00e1lida. No es una prueba: as\u00ed que comience hoy mismes. Confiado por: Apoyando a Nuestros Educadores Sabemess lo mucho que trabajan los educadores [&hellip;]<\/p>\n","protected":false},"author":12,"featured_media":0,"parent":0,"menu_order":0,"comment_status":"closed","ping_status":"closed","template":"","meta":{"_acf_changed":true,"footnotes":""},"class_list":["post-5256","page","type-page","status-publish","hentry"],"acf":[],"jetpack_sharing_enabled":true,"_links":{"self":[{"href":"https:\/\/strucalc.com\/es\/wp-json\/wp\/v2\/pages\/5256","targetHints":{"allow":["GET"]}}],"collection":[{"href":"https:\/\/strucalc.com\/es\/wp-json\/wp\/v2\/pages"}],"about":[{"href":"https:\/\/strucalc.com\/es\/wp-json\/wp\/v2\/types\/page"}],"author":[{"embeddable":true,"href":"https:\/\/strucalc.com\/es\/wp-json\/wp\/v2\/users\/12"}],"replies":[{"embeddable":true,"href":"https:\/\/strucalc.com\/es\/wp-json\/wp\/v2\/comments?post=5256"}],"version-history":[{"count":0,"href":"https:\/\/strucalc.com\/es\/wp-json\/wp\/v2\/pages\/5256\/revisions"}],"wp:attachment":[{"href":"https:\/\/strucalc.com\/es\/wp-json\/wp\/v2\/media?parent=5256"}],"curies":[{"name":"wp","href":"https:\/\/api.w.org\/{rel}","templated":true}]}}