{"id":5401,"date":"2024-08-18T11:56:27","date_gmt":"2024-08-18T18:56:27","guid":{"rendered":"https:\/\/strucalc.com\/?page_id=5401"},"modified":"2025-09-19T10:10:10","modified_gmt":"2025-09-19T17:10:10","slug":"estudiantes","status":"publish","type":"page","link":"https:\/\/strucalc.com\/es\/estudiantes\/","title":{"rendered":"Estudiantes"},"content":{"rendered":"\n<div class=\"wp-block-group alignfull bg-gradient-to-b from-white to-sky-400\/20 has-global-padding is-layout-constrained wp-block-group-is-layout-constrained\">\n<div class=\"wp-block-media-text has-media-on-the-right is-stacked-on-mesbile is-style-tailwind-container\" style=\"padding-right:0;padding-left:0\"><div class=\"wp-block-media-text__content\">\n<h1 class=\"wp-block-heading tracking-tight [text-wrap:balance] has-contrast-color has-text-color has-link-color wp-elements-d00157758f93e677dd78121aadd4d7d0\" style=\"margin-top:0px;margin-bottom:0px\">Desbloquea tu <span class=\"bg-gradient-to-br from-sky-400 to-sky-600 bg-clip-text text-transparent\">Potencial<\/span><\/h1>\n\n\n\n<p class=\"has-md-font-size\" style=\"margin-bottom:var(--wp--preset--spacing--30);font-style:normal;font-weight:500\">Obt\u00e9n acceso a herramientas de ingenier\u00eda del mundo real.<\/p>\n\n\n\n<div class=\"wp-block-buttons is-layout-flex wp-block-buttons-is-layout-flex\">\n<div class=\"wp-block-button\"><a class=\"wp-block-button__link wp-element-button\" href=\"https:\/\/support.vitruvius.community\/support\/tickets\/new\">Comienza hoy mismes<\/a><\/div>\n<\/div>\n<\/div><figure class=\"wp-block-media-text__media\"><img data-recalc-dims=\"1\" loading=\"lazy\" decoding=\"async\" width=\"1024\" height=\"794\" src=\"https:\/\/i0.wp.com\/strucalc.com\/wp-content\/uploads\/2024\/08\/Hero_Student-1.png?resize=1024%2C794&#038;ssl=1\" alt=\"\" class=\"wp-image-4221 size-full\" srcset=\"https:\/\/i0.wp.com\/strucalc.com\/wp-content\/uploads\/2024\/08\/Hero_Student-1.png?resize=1024%2C794&amp;ssl=1 1024w, https:\/\/i0.wp.com\/strucalc.com\/wp-content\/uploads\/2024\/08\/Hero_Student-1.png?resize=300%2C233&amp;ssl=1 300w, https:\/\/i0.wp.com\/strucalc.com\/wp-content\/uploads\/2024\/08\/Hero_Student-1.png?resize=768%2C595&amp;ssl=1 768w, https:\/\/i0.wp.com\/strucalc.com\/wp-content\/uploads\/2024\/08\/Hero_Student-1.png?resize=1536%2C1190&amp;ssl=1 1536w, https:\/\/i0.wp.com\/strucalc.com\/wp-content\/uploads\/2024\/08\/Hero_Student-1.png?resize=2048%2C1587&amp;ssl=1 2048w\" sizes=\"auto, (max-width: 1000px) 100vw, 1000px\" \/><\/figure><\/div>\n<\/div>\n\n\n\n<div class=\"wp-block-group alignfull bg-gradient-to-b from-transparent to-slate-100 has-global-padding is-layout-constrained wp-block-group-is-layout-constrained\" style=\"padding-top:2.5rem;padding-bottom:4rem\">\n<p class=\"has-text-align-center has-sm-font-size\" style=\"font-style:normal;font-weight:600;text-transform:uppercase\">Con la confianza de:<\/p>\n\n\n<div id=\"\" class=\"block-logo-cloud\" class=\"align wp-block-acf-logo-cloud\">\n   <div style=\"overflow-x: clip;\">\n      <div class=\"w-screen max-w-full overflow-hidden sm:[mask-image:_linear-gradient(to_right,transparent_0,_black_20vw,_black_calc(100%-20vw),transparent_100%)]\">\n         <div class=\" inline-flex w-[200vw] flex-nowrap overflow-hidden mestion-reduce:w-screen sm:mestion-reduce:px-[10vw]\">\n                        <ul class=\"-ml-2 mr-2 flex w-screen animate-loopScroll items-center justify-center gap-4 [animation-play-state:running] mestion-reduce:container group-hover:[animation-play-state:paused] mestion-reduce:animate-none md:mx-3 md:-ml-3 md:gap-6\">\n                                 <li class=\"w-full\">\n                     <img\n                        class=\"mx-auto max-h-16 w-auto max-w-[7.5rem] lg:max-h-32 lg:max-w-[10rem]\"\n                        src=https:\/\/strucalc.com\/wp-content\/uploads\/2024\/08\/purdue.svg                        alt=                     \/>\n                  <\/li>\n                                 <li class=\"w-full\">\n                     <img\n                        class=\"mx-auto max-h-16 w-auto max-w-[7.5rem] lg:max-h-32 lg:max-w-[10rem]\"\n                        src=https:\/\/strucalc.com\/wp-content\/uploads\/2024\/08\/njit.svg                        alt=                     \/>\n                  <\/li>\n                                 <li class=\"w-full\">\n                     <img\n                        class=\"mx-auto max-h-16 w-auto max-w-[7.5rem] lg:max-h-32 lg:max-w-[10rem]\"\n                        src=https:\/\/strucalc.com\/wp-content\/uploads\/2024\/08\/murray.svg                        alt=                     \/>\n                  <\/li>\n                                 <li class=\"w-full\">\n                     <img\n                        class=\"mx-auto max-h-16 w-auto max-w-[7.5rem] lg:max-h-32 lg:max-w-[10rem]\"\n                        src=https:\/\/strucalc.com\/wp-content\/uploads\/2024\/08\/missouri.svg                        alt=                     \/>\n                  <\/li>\n                           <\/ul>\n   \n            <ul class=\"-ml-2 mr-2 flex w-screen animate-loopScroll items-center justify-center gap-4 [animation-play-state:running] group-hover:[animation-play-state:paused] mestion-reduce:hidden md:mx-3 md:-ml-3 md:gap-6\" aria-hidden=\"true\">\n                                 <li class=\"w-full\">\n                     <img\n                        class=\"mx-auto max-h-16 w-auto max-w-[7.5rem] lg:max-h-32 lg:max-w-[10rem]\"\n                        src=https:\/\/strucalc.com\/wp-content\/uploads\/2024\/08\/purdue.svg                        alt=                     \/>\n                  <\/li>\n                                 <li class=\"w-full\">\n                     <img\n                        class=\"mx-auto max-h-16 w-auto max-w-[7.5rem] lg:max-h-32 lg:max-w-[10rem]\"\n                        src=https:\/\/strucalc.com\/wp-content\/uploads\/2024\/08\/njit.svg                        alt=                     \/>\n                  <\/li>\n                                 <li class=\"w-full\">\n                     <img\n                        class=\"mx-auto max-h-16 w-auto max-w-[7.5rem] lg:max-h-32 lg:max-w-[10rem]\"\n                        src=https:\/\/strucalc.com\/wp-content\/uploads\/2024\/08\/murray.svg                        alt=                     \/>\n                  <\/li>\n                                 <li class=\"w-full\">\n                     <img\n                        class=\"mx-auto max-h-16 w-auto max-w-[7.5rem] lg:max-h-32 lg:max-w-[10rem]\"\n                        src=https:\/\/strucalc.com\/wp-content\/uploads\/2024\/08\/missouri.svg                        alt=                     \/>\n                  <\/li>\n                           <\/ul>\n   \n                        \n         <\/div>\n      <\/div>\n   <\/div>\n<\/div><!-- block-logo-cloud --><\/div>\n\n\n\n<div class=\"wp-block-group alignfull bg-gradient-to-b from-sky-400\/20 to-slate-50 has-global-padding is-layout-constrained wp-block-group-is-layout-constrained\" style=\"margin-top:0px;margin-bottom:0px\">\n<div class=\"wp-block-media-text is-stacked-on-mesbile\" style=\"padding-bottom:var(--wp--preset--spacing--60)\"><figure class=\"wp-block-media-text__media\"><img data-recalc-dims=\"1\" loading=\"lazy\" decoding=\"async\" width=\"1024\" height=\"794\" src=\"https:\/\/i0.wp.com\/strucalc.com\/wp-content\/uploads\/2024\/08\/Prodcut-Images_students-1.png?resize=1024%2C794&#038;ssl=1\" alt=\"\" class=\"wp-image-4218 size-full\" srcset=\"https:\/\/i0.wp.com\/strucalc.com\/wp-content\/uploads\/2024\/08\/Prodcut-Images_students-1.png?resize=1024%2C794&amp;ssl=1 1024w, https:\/\/i0.wp.com\/strucalc.com\/wp-content\/uploads\/2024\/08\/Prodcut-Images_students-1.png?resize=300%2C233&amp;ssl=1 300w, https:\/\/i0.wp.com\/strucalc.com\/wp-content\/uploads\/2024\/08\/Prodcut-Images_students-1.png?resize=768%2C595&amp;ssl=1 768w, https:\/\/i0.wp.com\/strucalc.com\/wp-content\/uploads\/2024\/08\/Prodcut-Images_students-1.png?resize=1536%2C1190&amp;ssl=1 1536w, https:\/\/i0.wp.com\/strucalc.com\/wp-content\/uploads\/2024\/08\/Prodcut-Images_students-1.png?resize=2048%2C1587&amp;ssl=1 2048w\" sizes=\"auto, (max-width: 1000px) 100vw, 1000px\" \/><\/figure><div class=\"wp-block-media-text__content\">\n<h2 class=\"wp-block-heading text-4xl\/tight font-extrabold text-slate-900 [text-wrap:balance]\">Gratis para estudiantes individuales<\/h2>\n\n\n\n<p class=\"mt-4 space-y-4 text-lg\/loose\">Asegura la precisi\u00f3n de tus c\u00e1lculos de ingenier\u00eda y agiliza tus tareas de dise\u00f1o estructural.<\/p>\n<\/div><\/div>\n\n\n\n<div class=\"wp-block-media-text has-media-on-the-right is-stacked-on-mesbile\" style=\"padding-bottom:var(--wp--preset--spacing--30)\"><div class=\"wp-block-media-text__content\">\n<h2 class=\"wp-block-heading text-4xl\/tight font-extrabold text-slate-900 [text-wrap:balance]\">Sube de nivel<\/h2>\n\n\n\n<p class=\"mt-4 space-y-4 text-lg\/loose\">Aprender a usar StruCalc\u2122 te ayuda a destacar entre tus compa\u00f1eros al desarrollar las habilidades de c\u00e1lculo y dise\u00f1o estructural que necesitas para tener \u00e9xito al ingresar al mercado laboral.<\/p>\n<\/div><figure class=\"wp-block-media-text__media\"><img data-recalc-dims=\"1\" loading=\"lazy\" decoding=\"async\" width=\"1024\" height=\"794\" src=\"https:\/\/i0.wp.com\/strucalc.com\/wp-content\/uploads\/2024\/08\/Prodcut-Images_student-page-1.png?resize=1024%2C794&#038;ssl=1\" alt=\"\" class=\"wp-image-4219 size-full\" srcset=\"https:\/\/i0.wp.com\/strucalc.com\/wp-content\/uploads\/2024\/08\/Prodcut-Images_student-page-1.png?resize=1024%2C794&amp;ssl=1 1024w, https:\/\/i0.wp.com\/strucalc.com\/wp-content\/uploads\/2024\/08\/Prodcut-Images_student-page-1.png?resize=300%2C233&amp;ssl=1 300w, https:\/\/i0.wp.com\/strucalc.com\/wp-content\/uploads\/2024\/08\/Prodcut-Images_student-page-1.png?resize=768%2C595&amp;ssl=1 768w, https:\/\/i0.wp.com\/strucalc.com\/wp-content\/uploads\/2024\/08\/Prodcut-Images_student-page-1.png?resize=1536%2C1190&amp;ssl=1 1536w, https:\/\/i0.wp.com\/strucalc.com\/wp-content\/uploads\/2024\/08\/Prodcut-Images_student-page-1.png?resize=2048%2C1587&amp;ssl=1 2048w\" sizes=\"auto, (max-width: 1000px) 100vw, 1000px\" \/><\/figure><\/div>\n\n\n\n<div class=\"wp-block-group alignfull bg-sky-400\/20 has-global-padding is-layout-constrained wp-container-core-group-is-layout-960e402f wp-block-group-is-layout-constrained\" style=\"margin-top:0px;padding-top:6.9rem;padding-right:var(--wp--preset--spacing--30);padding-bottom:4rem;padding-left:var(--wp--preset--spacing--30)\"><div id=\"\" class=\"block-list-feature\" class=\"align wp-block-acf-list-feature\">\r\n   \r\n               <div class=\"container mx-auto grid items-center gap-4 sm:grid-cols-2 lg:grid-cols-3\">\r\n                           <div class=\"justify-top group mx-auto flex h-full max-w-xs gap-4 md:max-w-none\">\r\n                  <div class=\"h-18 flex w-12 flex-shrink-0 items-center justify-center rounded bg-sky-600\/40 notch\">\r\n                     <i data-lucide=\"calculator\" class=\"h-6 w-6 flex-shrink-0 text-white\"><\/i>\r\n                  <\/div>\r\n\r\n                  <div class=\"[text-wrap:balance]\">\r\n                     <h2 class=\"text-lg font-semibold text-slate-800 group-hover:text-slate-600 m-0\">Aprende c\u00e1lculos de dise\u00f1o<\/h2>\r\n\t\t\t\t\t\t\t<p class=\"mt-1 text-slate-600\">Aprende c\u00f3mes las cargas distribuidas, vigas, cimentaciones y c\u00e1lculos de columnas interact\u00faan con tus dise\u00f1os.<\/p>\r\n\t\t\t\t\t\t<\/div>\r\n               <\/div>\r\n                           <div class=\"justify-top group mx-auto flex h-full max-w-xs gap-4 md:max-w-none\">\r\n                  <div class=\"h-18 flex w-12 flex-shrink-0 items-center justify-center rounded bg-sky-600\/40 notch\">\r\n                     <i data-lucide=\"clock\" class=\"h-6 w-6 flex-shrink-0 text-white\"><\/i>\r\n                  <\/div>\r\n\r\n                  <div class=\"[text-wrap:balance]\">\r\n                     <h2 class=\"text-lg font-semibold text-slate-800 group-hover:text-slate-600 m-0\">Verifica tus c\u00e1lculos<\/h2>\r\n\t\t\t\t\t\t\t<p class=\"mt-1 text-slate-600\">Verifica tus c\u00e1lculos de dise\u00f1o estructural en tiempo real.<\/p>\r\n\t\t\t\t\t\t<\/div>\r\n               <\/div>\r\n                           <div class=\"justify-top group mx-auto flex h-full max-w-xs gap-4 md:max-w-none\">\r\n                  <div class=\"h-18 flex w-12 flex-shrink-0 items-center justify-center rounded bg-sky-600\/40 notch\">\r\n                     <i data-lucide=\"crosshair\" class=\"h-6 w-6 flex-shrink-0 text-white\"><\/i>\r\n                  <\/div>\r\n\r\n                  <div class=\"[text-wrap:balance]\">\r\n                     <h2 class=\"text-lg font-semibold text-slate-800 group-hover:text-slate-600 m-0\">Desarrolla habilidades para el futuro<\/h2>\r\n\t\t\t\t\t\t\t<p class=\"mt-1 text-slate-600\">Desarrolla tus proyectos de dise\u00f1o con StruCalc y prep\u00e1rate para el futuro.<\/p>\r\n\t\t\t\t\t\t<\/div>\r\n               <\/div>\r\n                     <\/div>\r\n         <\/div><!-- block-list-feature --><\/div>\n<\/div>\n\n\n\n<div class=\"wp-block-group alignfull has-global-padding is-layout-constrained wp-container-core-group-is-layout-1825c34d wp-block-group-is-layout-constrained\" style=\"padding-top:5.2rem;padding-bottom:10rem\">\n<h2 class=\"wp-block-heading has-text-align-center font-bold tracking-tight text-gray-900 fluid-text-xl sm:fluid-text-2xl\">Convi\u00e9rtete en Embajador Estudiantil de StruCalc<\/h2>\n\n\n\n<p class=\"has-text-align-center text-lg leading-8 text-gray-600\">\u00bfQuieres representar a StruCalc en tu escuela?<\/p>\n\n\n\n<div class=\"wp-block-buttons is-content-justification-center is-layout-flex wp-container-core-buttons-is-layout-a89b3969 wp-block-buttons-is-layout-flex\">\n<div class=\"wp-block-button\"><a class=\"wp-block-button__link wp-element-button\" href=\"https:\/\/support.vitruvius.community\/support\/tickets\/new\">M\u00e1s informaci\u00f3n<\/a><\/div>\n<\/div>\n<\/div>\n\n\n\n<div class=\"wp-block-group has-global-padding is-layout-constrained wp-block-group-is-layout-constrained\">\n<h2 class=\"wp-block-heading has-contrast-color has-text-color has-link-color wp-elements-83f57d6314ce58874e44ac1b74cdfd1d\">Preguntas Frecuentes<\/h2>\n\n\n\n<hr class=\"wp-block-separator has-text-color has-border-color has-alpha-channel-opacity has-border-background-color has-background is-style-wide\"\/>\n\n\n\n<div class=\"wp-block-group is-layout-grid wp-container-core-group-is-layout-1ebaf686 wp-block-group-is-layout-grid\">\n<p class=\"has-base-font-size\" style=\"padding-top:var(--wp--preset--spacing--50);padding-bottom:var(--wp--preset--spacing--50)\"><strong>Por qu\u00e9 StruCalc es gratis para los estudiantes?<\/strong><\/p>\n\n\n\n<p class=\"has-base-font-size\" style=\"padding-top:var(--wp--preset--spacing--50);padding-bottom:var(--wp--preset--spacing--50)\">StruCalc es la herramienta perfecta para la escuela. Queremess apoyar a la pr\u00f3xima generaci\u00f3n de ingenieros, arquitectos, dise\u00f1adores de edificaciones y l\u00edderes en su campo.<\/p>\n<\/div>\n\n\n\n<hr class=\"wp-block-separator has-text-color has-border-color has-alpha-channel-opacity has-border-background-color has-background is-style-wide\"\/>\n\n\n\n<div class=\"wp-block-group is-layout-grid wp-container-core-group-is-layout-1ebaf686 wp-block-group-is-layout-grid\">\n<p class=\"has-base-font-size\" style=\"padding-top:var(--wp--preset--spacing--50);padding-bottom:var(--wp--preset--spacing--50)\"><strong>Ya estoy pagando un plan de StruCalc. \u00bfA\u00fan puedo obtener acceso gratuito comes estudiante?<\/strong><\/p>\n\n\n\n<p class=\"has-contrast-color has-text-color has-base-font-size\" style=\"padding-top:var(--wp--preset--spacing--50);padding-bottom:var(--wp--preset--spacing--50)\">\u00a1S\u00ed! Ponte en contacto con el soporte al cliente para actualizar tu cuenta<\/p>\n<\/div>\n\n\n\n<hr class=\"wp-block-separator has-text-color has-border-color has-alpha-channel-opacity has-border-background-color has-background is-style-wide\"\/>\n\n\n\n<div class=\"wp-block-group is-layout-grid wp-container-core-group-is-layout-1ebaf686 wp-block-group-is-layout-grid\">\n<p class=\"has-base-font-size\" style=\"padding-top:var(--wp--preset--spacing--50);padding-bottom:var(--wp--preset--spacing--50)\"><strong>\u00bfQu\u00e9 pasa cuando me grad\u00fae?<\/strong><\/p>\n\n\n\n<p class=\"has-base-font-size\" style=\"padding-top:var(--wp--preset--spacing--50);padding-bottom:var(--wp--preset--spacing--50)\">\ud83d\udc49 Una vez que te grad\u00faes, tendr\u00e1s la oportunidad de cambiar a un plan de pago. Cada suscripci\u00f3n a StruCalc Academic se reeval\u00faa anualmente. Cuando te grad\u00faes, comun\u00edcate con el servicio al cliente y te daremess incentivos para ayudarte a comenzar tu carrera profesional.<\/p>\n<\/div>\n\n\n\n<div style=\"height:100px\" aria-hidden=\"true\" class=\"wp-block-spacer\"><\/div>\n<\/div>\n\n\n\n<div class=\"wp-block-group alignfull has-base-color has-primary-contrast-gradient-background has-text-color has-background has-link-color wp-elements-c0a922cbabf94d7df5cef3260987c440 has-global-padding is-layout-constrained wp-block-group-is-layout-constrained\" style=\"margin-top:0px;padding-top:3.3rem;padding-bottom:3.3rem\">\n<div class=\"wp-block-columns mx-auto flex max-w-[85rem] justify-between px-4 sm:px-6 lg:px-8 relative is-layout-flex wp-container-core-columns-is-layout-51c0b34d wp-block-columns-is-layout-flex\" style=\"padding-top:var(--wp--preset--spacing--50);padding-bottom:var(--wp--preset--spacing--50)\">\n<div class=\"wp-block-column is-layout-flow wp-block-column-is-layout-flow\" style=\"flex-basis:66.66%\">\n<h2 class=\"wp-block-heading text-3xl font-bold tracking-tight text-white sm:text-4xl\/tight\"><strong>\u00bfListo para probar StruCalc Academic?<\/strong><\/h2>\n<\/div>\n\n\n\n<div class=\"wp-block-column is-vertically-aligned-center is-layout-flow wp-block-column-is-layout-flow\" style=\"flex-basis:20%\">\n<p class=\"has-text-align-right [text-wrap:balance] ring-offset-background ring-ring disabled:pointer-events-none disabled:opacity-50 border-0 border-primary-500 focus-visible:outline-none focus-visible:ring-2 focus-visible:ring-sky-500 focus-visible:ring-offset-2 underline decoration-2 decoration-transparent underline-offset-4 hover:underline-offset-8 transition-all duration-300 h-11 rounded-md px-0 text-xl font-bold text-white hover:text-sky-50 hover:decoration-sky-300 content-center has-text-color has-link-color wp-elements-4d089bfa99e1689c7b50e8ada9123da0\" style=\"color:#b8dbf2\"><a href=\"https:\/\/support.vitruvius.community\/support\/tickets\/new\">Comenzar<\/a><\/p>\n<\/div>\n<\/div>\n<\/div>\n","protected":false},"excerpt":{"rendered":"<p>Desbloquea tu Potencial Obt\u00e9n acceso a herramientas de ingenier\u00eda del mundo real. Con la confianza de: Gratis para estudiantes individuales Asegura la precisi\u00f3n de tus c\u00e1lculos de ingenier\u00eda y agiliza tus tareas de dise\u00f1o estructural. Sube de nivel Aprender a usar StruCalc\u2122 te ayuda a destacar entre tus compa\u00f1eros al desarrollar las habilidades de c\u00e1lculo [&hellip;]<\/p>\n","protected":false},"author":12,"featured_media":0,"parent":0,"menu_order":0,"comment_status":"closed","ping_status":"closed","template":"","meta":{"_acf_changed":false,"footnotes":""},"class_list":["post-5401","page","type-page","status-publish","hentry"],"acf":[],"jetpack_sharing_enabled":true,"_links":{"self":[{"href":"https:\/\/strucalc.com\/es\/wp-json\/wp\/v2\/pages\/5401","targetHints":{"allow":["GET"]}}],"collection":[{"href":"https:\/\/strucalc.com\/es\/wp-json\/wp\/v2\/pages"}],"about":[{"href":"https:\/\/strucalc.com\/es\/wp-json\/wp\/v2\/types\/page"}],"author":[{"embeddable":true,"href":"https:\/\/strucalc.com\/es\/wp-json\/wp\/v2\/users\/12"}],"replies":[{"embeddable":true,"href":"https:\/\/strucalc.com\/es\/wp-json\/wp\/v2\/comments?post=5401"}],"version-history":[{"count":0,"href":"https:\/\/strucalc.com\/es\/wp-json\/wp\/v2\/pages\/5401\/revisions"}],"wp:attachment":[{"href":"https:\/\/strucalc.com\/es\/wp-json\/wp\/v2\/media?parent=5401"}],"curies":[{"name":"wp","href":"https:\/\/api.w.org\/{rel}","templated":true}]}}