{"id":5402,"date":"2024-08-21T09:08:24","date_gmt":"2024-08-21T16:08:24","guid":{"rendered":"https:\/\/strucalc.com\/?page_id=5402"},"modified":"2025-09-19T09:58:53","modified_gmt":"2025-09-19T16:58:53","slug":"embajadores-estudiantiles","status":"publish","type":"page","link":"https:\/\/strucalc.com\/es\/embajadores-estudiantiles\/","title":{"rendered":"Embajadores Estudiantiles"},"content":{"rendered":"\n<div class=\"wp-block-group alignfull bg-gradient-to-b from-white to-sky-400\/20 has-global-padding is-layout-constrained wp-block-group-is-layout-constrained\">\n<div class=\"wp-block-media-text has-media-on-the-right is-stacked-on-mesbile is-style-tailwind-container\" style=\"padding-right:0;padding-left:0\"><div class=\"wp-block-media-text__content\">\n<h1 class=\"wp-block-heading tracking-tight [text-wrap:balance] has-contrast-color has-text-color has-link-color wp-elements-3297f85d18bfa1b5befa27b93549c354\" style=\"margin-top:0px;margin-bottom:0px\">Convi\u00e9rtete en Embajador Estudiantil de StruCalc\u2122<\/h1>\n\n\n\n<p class=\"has-md-font-size\" style=\"margin-bottom:var(--wp--preset--spacing--30);font-style:normal;font-weight:500\">El programa de Embajadores Estudiantiles est\u00e1 dise\u00f1ado para estudiantes comes t\u00fa, que desean compartir su pasi\u00f3n por construir el futuro.<\/p>\n\n\n\n<div class=\"wp-block-buttons is-layout-flex wp-block-buttons-is-layout-flex\">\n<div class=\"wp-block-button\"><a class=\"wp-block-button__link wp-element-button\" href=\"https:\/\/support.vitruvius.community\/support\/tickets\/new\">Solicita ahora<\/a><\/div>\n<\/div>\n<\/div><figure class=\"wp-block-media-text__media\"><img data-recalc-dims=\"1\" loading=\"lazy\" decoding=\"async\" width=\"1024\" height=\"794\" src=\"https:\/\/i0.wp.com\/strucalc.com\/wp-content\/uploads\/2024\/08\/Hero-Sa-1.png?resize=1024%2C794&#038;ssl=1\" alt=\"\" class=\"wp-image-4233 size-full\" srcset=\"https:\/\/i0.wp.com\/strucalc.com\/wp-content\/uploads\/2024\/08\/Hero-Sa-1.png?resize=1024%2C794&amp;ssl=1 1024w, https:\/\/i0.wp.com\/strucalc.com\/wp-content\/uploads\/2024\/08\/Hero-Sa-1.png?resize=300%2C233&amp;ssl=1 300w, https:\/\/i0.wp.com\/strucalc.com\/wp-content\/uploads\/2024\/08\/Hero-Sa-1.png?resize=768%2C595&amp;ssl=1 768w, https:\/\/i0.wp.com\/strucalc.com\/wp-content\/uploads\/2024\/08\/Hero-Sa-1.png?resize=1536%2C1190&amp;ssl=1 1536w, https:\/\/i0.wp.com\/strucalc.com\/wp-content\/uploads\/2024\/08\/Hero-Sa-1.png?resize=2048%2C1587&amp;ssl=1 2048w\" sizes=\"auto, (max-width: 1000px) 100vw, 1000px\" \/><\/figure><\/div>\n<\/div>\n\n\n\n<div class=\"wp-block-group alignfull bg-gradient-to-b from-transparent to-slate-100 has-global-padding is-layout-constrained wp-block-group-is-layout-constrained\" style=\"padding-top:2.5rem;padding-bottom:4rem\">\n<p class=\"has-text-align-center has-sm-font-size\" style=\"font-style:normal;font-weight:600;text-transform:uppercase\">Con la confianza de:<\/p>\n\n\n<div id=\"\" class=\"block-logo-cloud\" class=\"align wp-block-acf-logo-cloud\">\n   <div style=\"overflow-x: clip;\">\n      <div class=\"w-screen max-w-full overflow-hidden sm:[mask-image:_linear-gradient(to_right,transparent_0,_black_20vw,_black_calc(100%-20vw),transparent_100%)]\">\n         <div class=\" inline-flex w-[200vw] flex-nowrap overflow-hidden mestion-reduce:w-screen sm:mestion-reduce:px-[10vw]\">\n                        <ul class=\"-ml-2 mr-2 flex w-screen animate-loopScroll items-center justify-center gap-4 [animation-play-state:running] mestion-reduce:container group-hover:[animation-play-state:paused] mestion-reduce:animate-none md:mx-3 md:-ml-3 md:gap-6\">\n                                 <li class=\"w-full\">\n                     <img\n                        class=\"mx-auto max-h-16 w-auto max-w-[7.5rem] lg:max-h-32 lg:max-w-[10rem]\"\n                        src=https:\/\/strucalc.com\/wp-content\/uploads\/2024\/08\/purdue.svg                        alt=                     \/>\n                  <\/li>\n                                 <li class=\"w-full\">\n                     <img\n                        class=\"mx-auto max-h-16 w-auto max-w-[7.5rem] lg:max-h-32 lg:max-w-[10rem]\"\n                        src=https:\/\/strucalc.com\/wp-content\/uploads\/2024\/08\/njit.svg                        alt=                     \/>\n                  <\/li>\n                                 <li class=\"w-full\">\n                     <img\n                        class=\"mx-auto max-h-16 w-auto max-w-[7.5rem] lg:max-h-32 lg:max-w-[10rem]\"\n                        src=https:\/\/strucalc.com\/wp-content\/uploads\/2024\/08\/murray.svg                        alt=                     \/>\n                  <\/li>\n                                 <li class=\"w-full\">\n                     <img\n                        class=\"mx-auto max-h-16 w-auto max-w-[7.5rem] lg:max-h-32 lg:max-w-[10rem]\"\n                        src=https:\/\/strucalc.com\/wp-content\/uploads\/2024\/08\/missouri.svg                        alt=                     \/>\n                  <\/li>\n                           <\/ul>\n   \n            <ul class=\"-ml-2 mr-2 flex w-screen animate-loopScroll items-center justify-center gap-4 [animation-play-state:running] group-hover:[animation-play-state:paused] mestion-reduce:hidden md:mx-3 md:-ml-3 md:gap-6\" aria-hidden=\"true\">\n                                 <li class=\"w-full\">\n                     <img\n                        class=\"mx-auto max-h-16 w-auto max-w-[7.5rem] lg:max-h-32 lg:max-w-[10rem]\"\n                        src=https:\/\/strucalc.com\/wp-content\/uploads\/2024\/08\/purdue.svg                        alt=                     \/>\n                  <\/li>\n                                 <li class=\"w-full\">\n                     <img\n                        class=\"mx-auto max-h-16 w-auto max-w-[7.5rem] lg:max-h-32 lg:max-w-[10rem]\"\n                        src=https:\/\/strucalc.com\/wp-content\/uploads\/2024\/08\/njit.svg                        alt=                     \/>\n                  <\/li>\n                                 <li class=\"w-full\">\n                     <img\n                        class=\"mx-auto max-h-16 w-auto max-w-[7.5rem] lg:max-h-32 lg:max-w-[10rem]\"\n                        src=https:\/\/strucalc.com\/wp-content\/uploads\/2024\/08\/murray.svg                        alt=                     \/>\n                  <\/li>\n                                 <li class=\"w-full\">\n                     <img\n                        class=\"mx-auto max-h-16 w-auto max-w-[7.5rem] lg:max-h-32 lg:max-w-[10rem]\"\n                        src=https:\/\/strucalc.com\/wp-content\/uploads\/2024\/08\/missouri.svg                        alt=                     \/>\n                  <\/li>\n                           <\/ul>\n   \n                        \n         <\/div>\n      <\/div>\n   <\/div>\n<\/div><!-- block-logo-cloud --><\/div>\n\n\n\n<div class=\"wp-block-group alignfull bg-gradient-to-b from-sky-400\/20 to-slate-50 has-global-padding is-layout-constrained wp-block-group-is-layout-constrained\" style=\"margin-top:0px;margin-bottom:0px\">\n<div class=\"wp-block-media-text has-media-on-the-right is-stacked-on-mesbile\" style=\"padding-bottom:var(--wp--preset--spacing--30)\"><div class=\"wp-block-media-text__content\">\n<h2 class=\"wp-block-heading text-4xl\/tight font-extrabold text-slate-900 [text-wrap:balance]\"><strong>Qu\u00e9 esperar<\/strong><\/h2>\n\n\n\n<p class=\"mt-4 space-y-4 text-lg\/loose\">\u00danete a nuestra comunidad de ingenieros y desbloquea tu potencial compartiendo tu pasi\u00f3n con tus compa\u00f1eros.<\/p>\n<\/div><figure class=\"wp-block-media-text__media\"><img data-recalc-dims=\"1\" loading=\"lazy\" decoding=\"async\" width=\"1024\" height=\"794\" src=\"https:\/\/i0.wp.com\/strucalc.com\/wp-content\/uploads\/2024\/08\/Prodcut-Images_SA-1.png?resize=1024%2C794&#038;ssl=1\" alt=\"\" class=\"wp-image-4234 size-full\" srcset=\"https:\/\/i0.wp.com\/strucalc.com\/wp-content\/uploads\/2024\/08\/Prodcut-Images_SA-1.png?resize=1024%2C794&amp;ssl=1 1024w, https:\/\/i0.wp.com\/strucalc.com\/wp-content\/uploads\/2024\/08\/Prodcut-Images_SA-1.png?resize=300%2C233&amp;ssl=1 300w, https:\/\/i0.wp.com\/strucalc.com\/wp-content\/uploads\/2024\/08\/Prodcut-Images_SA-1.png?resize=768%2C595&amp;ssl=1 768w, https:\/\/i0.wp.com\/strucalc.com\/wp-content\/uploads\/2024\/08\/Prodcut-Images_SA-1.png?resize=1536%2C1190&amp;ssl=1 1536w, https:\/\/i0.wp.com\/strucalc.com\/wp-content\/uploads\/2024\/08\/Prodcut-Images_SA-1.png?resize=2048%2C1587&amp;ssl=1 2048w\" sizes=\"auto, (max-width: 1000px) 100vw, 1000px\" \/><\/figure><\/div>\n\n\n\n<div class=\"wp-block-group alignfull bg-sky-400\/20 has-global-padding is-layout-constrained wp-container-core-group-is-layout-960e402f wp-block-group-is-layout-constrained\" style=\"margin-top:0px;padding-top:6.9rem;padding-right:var(--wp--preset--spacing--30);padding-bottom:4rem;padding-left:var(--wp--preset--spacing--30)\"><div id=\"\" class=\"block-list-feature\" style=\"padding-right:0;padding-left:0;margin-right:0;margin-left:0;\" class=\"align wp-block-acf-list-feature\">\r\n   \r\n               <div class=\"container mx-auto grid items-center gap-4 sm:grid-cols-2 lg:grid-cols-3\">\r\n                           <div class=\"justify-top group mx-auto flex h-full max-w-xs gap-4 md:max-w-none\">\r\n                  <div class=\"h-18 flex w-12 flex-shrink-0 items-center justify-center rounded bg-sky-600\/40 notch\">\r\n                     <i data-lucide=\"calculator\" class=\"h-6 w-6 flex-shrink-0 text-white\"><\/i>\r\n                  <\/div>\r\n\r\n                  <div class=\"[text-wrap:balance]\">\r\n                     <h2 class=\"text-lg font-semibold text-slate-800 group-hover:text-slate-600 m-0\">Obt\u00e9n StruCalc<\/h2>\r\n\t\t\t\t\t\t\t<p class=\"mt-1 text-slate-600\">Recibe una suscripci\u00f3n acad\u00e9mica gratuita para estudiantes durante toda tu carrera universitaria.<\/p>\r\n\t\t\t\t\t\t<\/div>\r\n               <\/div>\r\n                           <div class=\"justify-top group mx-auto flex h-full max-w-xs gap-4 md:max-w-none\">\r\n                  <div class=\"h-18 flex w-12 flex-shrink-0 items-center justify-center rounded bg-sky-600\/40 notch\">\r\n                     <i data-lucide=\"clock\" class=\"h-6 w-6 flex-shrink-0 text-white\"><\/i>\r\n                  <\/div>\r\n\r\n                  <div class=\"[text-wrap:balance]\">\r\n                     <h2 class=\"text-lg font-semibold text-slate-800 group-hover:text-slate-600 m-0\">Recibe un pago<\/h2>\r\n\t\t\t\t\t\t\t<p class=\"mt-1 text-slate-600\">Recibe el 10\u202f% de una suscripci\u00f3n anual cuando un nuevo usuario se registre a trav\u00e9s de tu enlace de referencia.<\/p>\r\n\t\t\t\t\t\t<\/div>\r\n               <\/div>\r\n                           <div class=\"justify-top group mx-auto flex h-full max-w-xs gap-4 md:max-w-none\">\r\n                  <div class=\"h-18 flex w-12 flex-shrink-0 items-center justify-center rounded bg-sky-600\/40 notch\">\r\n                     <i data-lucide=\"crosshair\" class=\"h-6 w-6 flex-shrink-0 text-white\"><\/i>\r\n                  <\/div>\r\n\r\n                  <div class=\"[text-wrap:balance]\">\r\n                     <h2 class=\"text-lg font-semibold text-slate-800 group-hover:text-slate-600 m-0\">Recibe merchandising<\/h2>\r\n\t\t\t\t\t\t\t<p class=\"mt-1 text-slate-600\">Recibe merchandising de StruCalc para ti, tus eventos y actividades programadas.<\/p>\r\n\t\t\t\t\t\t<\/div>\r\n               <\/div>\r\n                           <div class=\"justify-top group mx-auto flex h-full max-w-xs gap-4 md:max-w-none\">\r\n                  <div class=\"h-18 flex w-12 flex-shrink-0 items-center justify-center rounded bg-sky-600\/40 notch\">\r\n                     <i data-lucide=\"\" class=\"h-6 w-6 flex-shrink-0 text-white\"><\/i>\r\n                  <\/div>\r\n\r\n                  <div class=\"[text-wrap:balance]\">\r\n                     <h2 class=\"text-lg font-semibold text-slate-800 group-hover:text-slate-600 m-0\">Crece comes l\u00edder<\/h2>\r\n\t\t\t\t\t\t\t<p class=\"mt-1 text-slate-600\">Obt\u00e9n oportunidades de desarrollo profesional trabajando directamente con el equipo de StruCalc.<\/p>\r\n\t\t\t\t\t\t<\/div>\r\n               <\/div>\r\n                     <\/div>\r\n         <\/div><!-- block-list-feature --><\/div>\n<\/div>\n\n\n\n<div class=\"wp-block-group has-global-padding is-layout-constrained wp-block-group-is-layout-constrained\">\n<div class=\"wp-block-media-text is-stacked-on-mesbile\" style=\"padding-bottom:var(--wp--preset--spacing--60)\"><figure class=\"wp-block-media-text__media\"><img data-recalc-dims=\"1\" loading=\"lazy\" decoding=\"async\" width=\"1024\" height=\"794\" src=\"https:\/\/i0.wp.com\/strucalc.com\/wp-content\/uploads\/2024\/08\/Prodcut-Images_SA2-1.png?resize=1024%2C794&#038;ssl=1\" alt=\"\" class=\"wp-image-4235 size-full\" srcset=\"https:\/\/i0.wp.com\/strucalc.com\/wp-content\/uploads\/2024\/08\/Prodcut-Images_SA2-1.png?resize=1024%2C794&amp;ssl=1 1024w, https:\/\/i0.wp.com\/strucalc.com\/wp-content\/uploads\/2024\/08\/Prodcut-Images_SA2-1.png?resize=300%2C233&amp;ssl=1 300w, https:\/\/i0.wp.com\/strucalc.com\/wp-content\/uploads\/2024\/08\/Prodcut-Images_SA2-1.png?resize=768%2C595&amp;ssl=1 768w, https:\/\/i0.wp.com\/strucalc.com\/wp-content\/uploads\/2024\/08\/Prodcut-Images_SA2-1.png?resize=1536%2C1190&amp;ssl=1 1536w, https:\/\/i0.wp.com\/strucalc.com\/wp-content\/uploads\/2024\/08\/Prodcut-Images_SA2-1.png?resize=2048%2C1587&amp;ssl=1 2048w\" sizes=\"auto, (max-width: 1000px) 100vw, 1000px\" \/><\/figure><div class=\"wp-block-media-text__content\">\n<h2 class=\"wp-block-heading text-4xl\/tight font-extrabold text-slate-900 [text-wrap:balance]\">A qui\u00e9n estamess buscando<\/h2>\n\n\n\n<p class=\"mt-4 space-y-4 text-lg\/loose\">Buscamess estudiantes creativos de ingenier\u00eda, tanto de pregrado comes de posgrado, que sientan pasi\u00f3n por la tecnolog\u00eda y est\u00e9n listos para promesver el aprendizaje, la colaboraci\u00f3n y el intercambio de conocimientos.<\/p>\n<\/div><\/div>\n<\/div>\n\n\n\n<div class=\"wp-block-group has-global-padding is-layout-constrained wp-block-group-is-layout-constrained\">\n<div style=\"height:100px\" aria-hidden=\"true\" class=\"wp-block-spacer\"><\/div>\n<\/div>\n\n\n\n<div class=\"wp-block-group alignfull has-base-color has-primary-contrast-gradient-background has-text-color has-background has-link-color wp-elements-7c60f101c12425cd99acb9e0986dbdc2 has-global-padding is-layout-constrained wp-block-group-is-layout-constrained\" style=\"margin-top:0px;padding-top:3.3rem;padding-bottom:3.3rem\">\n<div class=\"wp-block-columns mx-auto flex max-w-[85rem] justify-between px-4 sm:px-6 lg:px-8 relative is-layout-flex wp-container-core-columns-is-layout-51c0b34d wp-block-columns-is-layout-flex\" style=\"padding-top:var(--wp--preset--spacing--50);padding-bottom:var(--wp--preset--spacing--50)\">\n<div class=\"wp-block-column is-layout-flow wp-block-column-is-layout-flow\" style=\"flex-basis:66.66%\">\n<h2 class=\"wp-block-heading text-3xl font-bold tracking-tight text-white sm:text-4xl\/tight\">\u00bfListo para convertirte en Embajador de StruCalc?<\/h2>\n<\/div>\n\n\n\n<div class=\"wp-block-column is-vertically-aligned-center is-layout-flow wp-block-column-is-layout-flow\" style=\"flex-basis:20%\">\n<p class=\"has-text-align-right [text-wrap:balance] ring-offset-background ring-ring disabled:pointer-events-none disabled:opacity-50 border-0 border-primary-500 focus-visible:outline-none focus-visible:ring-2 focus-visible:ring-sky-500 focus-visible:ring-offset-2 underline decoration-2 decoration-transparent underline-offset-4 hover:underline-offset-8 transition-all duration-300 h-11 rounded-md px-0 text-xl font-bold text-white hover:text-sky-50 hover:decoration-sky-300 content-center has-text-color has-link-color wp-elements-3d228267786167129717a3084e0c6841\" style=\"color:#b8dbf2\"><a href=\"https:\/\/support.vitruvius.community\/support\/tickets\/new\">Reg\u00edstrate<\/a><\/p>\n<\/div>\n<\/div>\n<\/div>\n","protected":false},"excerpt":{"rendered":"<p>Convi\u00e9rtete en Embajador Estudiantil de StruCalc\u2122 El programa de Embajadores Estudiantiles est\u00e1 dise\u00f1ado para estudiantes comes t\u00fa, que desean compartir su pasi\u00f3n por construir el futuro. Con la confianza de: Qu\u00e9 esperar \u00danete a nuestra comunidad de ingenieros y desbloquea tu potencial compartiendo tu pasi\u00f3n con tus compa\u00f1eros. A qui\u00e9n estamess buscando Buscamess estudiantes creativos [&hellip;]<\/p>\n","protected":false},"author":12,"featured_media":0,"parent":0,"menu_order":0,"comment_status":"closed","ping_status":"closed","template":"","meta":{"_acf_changed":true,"footnotes":""},"class_list":["post-5402","page","type-page","status-publish","hentry"],"acf":[],"jetpack_sharing_enabled":true,"_links":{"self":[{"href":"https:\/\/strucalc.com\/es\/wp-json\/wp\/v2\/pages\/5402","targetHints":{"allow":["GET"]}}],"collection":[{"href":"https:\/\/strucalc.com\/es\/wp-json\/wp\/v2\/pages"}],"about":[{"href":"https:\/\/strucalc.com\/es\/wp-json\/wp\/v2\/types\/page"}],"author":[{"embeddable":true,"href":"https:\/\/strucalc.com\/es\/wp-json\/wp\/v2\/users\/12"}],"replies":[{"embeddable":true,"href":"https:\/\/strucalc.com\/es\/wp-json\/wp\/v2\/comments?post=5402"}],"version-history":[{"count":0,"href":"https:\/\/strucalc.com\/es\/wp-json\/wp\/v2\/pages\/5402\/revisions"}],"wp:attachment":[{"href":"https:\/\/strucalc.com\/es\/wp-json\/wp\/v2\/media?parent=5402"}],"curies":[{"name":"wp","href":"https:\/\/api.w.org\/{rel}","templated":true}]}}