{"id":5828,"date":"2024-09-26T16:38:52","date_gmt":"2024-09-26T23:38:52","guid":{"rendered":"https:\/\/strucalc.com\/registrarse\/"},"modified":"2025-10-23T08:38:54","modified_gmt":"2025-10-23T15:38:54","slug":"registrarse","status":"publish","type":"page","link":"https:\/\/strucalc.com\/es\/registrarse\/","title":{"rendered":"Registrarse"},"content":{"rendered":"\n<p>NO BORRE ESTA P\u00c1GINA.<\/p>\n\n<p>\u00a1Esta p\u00e1gina est\u00e1 codificada! Seguir\u00e1 utilizando el bloque de encabezado, pero no se utilizar\u00e1 nada m\u00e1s. Para editar la p\u00e1gina, vaya a la carpeta del tema y actualice    <code>page-register.php<\/code><\/p>\n","protected":false},"excerpt":{"rendered":"<p>NO BORRE ESTA P\u00c1GINA. \u00a1Esta p\u00e1gina est\u00e1 codificada! Seguir\u00e1 utilizando el bloque de encabezado, pero no se utilizar\u00e1 nada m\u00e1s. Para editar la p\u00e1gina, vaya a la carpeta del tema y actualice page-register.php<\/p>\n","protected":false},"author":2,"featured_media":0,"parent":0,"menu_order":0,"comment_status":"closed","ping_status":"closed","template":"","meta":{"_acf_changed":true,"footnotes":""},"class_list":["post-5828","page","type-page","status-publish","hentry"],"acf":[],"jetpack_sharing_enabled":true,"_links":{"self":[{"href":"https:\/\/strucalc.com\/es\/wp-json\/wp\/v2\/pages\/5828","targetHints":{"allow":["GET"]}}],"collection":[{"href":"https:\/\/strucalc.com\/es\/wp-json\/wp\/v2\/pages"}],"about":[{"href":"https:\/\/strucalc.com\/es\/wp-json\/wp\/v2\/types\/page"}],"author":[{"embeddable":true,"href":"https:\/\/strucalc.com\/es\/wp-json\/wp\/v2\/users\/2"}],"replies":[{"embeddable":true,"href":"https:\/\/strucalc.com\/es\/wp-json\/wp\/v2\/comments?post=5828"}],"version-history":[{"count":0,"href":"https:\/\/strucalc.com\/es\/wp-json\/wp\/v2\/pages\/5828\/revisions"}],"wp:attachment":[{"href":"https:\/\/strucalc.com\/es\/wp-json\/wp\/v2\/media?parent=5828"}],"curies":[{"name":"wp","href":"https:\/\/api.w.org\/{rel}","templated":true}]}}