{"id":5838,"date":"2024-10-01T09:24:24","date_gmt":"2024-10-01T16:24:24","guid":{"rendered":"https:\/\/strucalc.com\/olvido-la-contrasena\/"},"modified":"2025-10-23T12:57:47","modified_gmt":"2025-10-23T19:57:47","slug":"olvido-la-contrasena","status":"publish","type":"page","link":"https:\/\/strucalc.com\/es\/olvido-la-contrasena\/","title":{"rendered":"\u00bfOlvid\u00f3 la contrase\u00f1a?"},"content":{"rendered":"\n<p>NO BORRE ESTA P\u00c1GINA.<\/p>\n\n<p>\u00a1Esta p\u00e1gina est\u00e1 codificada! Seguir\u00e1 utilizando el bloque de encabezado, pero no se utiliza nada m\u00e1s. Para editar la p\u00e1gina, vaya a la carpeta del tema y actualice  <code>page-forgot-password.php<\/code><\/p>\n","protected":false},"excerpt":{"rendered":"<p>NO BORRE ESTA P\u00c1GINA. \u00a1Esta p\u00e1gina est\u00e1 codificada! Seguir\u00e1 utilizando el bloque de encabezado, pero no se utiliza nada m\u00e1s. Para editar la p\u00e1gina, vaya a la carpeta del tema y actualice page-forgot-password.php<\/p>\n","protected":false},"author":2,"featured_media":0,"parent":0,"menu_order":0,"comment_status":"closed","ping_status":"closed","template":"","meta":{"_acf_changed":false,"footnotes":""},"class_list":["post-5838","page","type-page","status-publish","hentry"],"acf":[],"jetpack_sharing_enabled":true,"_links":{"self":[{"href":"https:\/\/strucalc.com\/es\/wp-json\/wp\/v2\/pages\/5838","targetHints":{"allow":["GET"]}}],"collection":[{"href":"https:\/\/strucalc.com\/es\/wp-json\/wp\/v2\/pages"}],"about":[{"href":"https:\/\/strucalc.com\/es\/wp-json\/wp\/v2\/types\/page"}],"author":[{"embeddable":true,"href":"https:\/\/strucalc.com\/es\/wp-json\/wp\/v2\/users\/2"}],"replies":[{"embeddable":true,"href":"https:\/\/strucalc.com\/es\/wp-json\/wp\/v2\/comments?post=5838"}],"version-history":[{"count":0,"href":"https:\/\/strucalc.com\/es\/wp-json\/wp\/v2\/pages\/5838\/revisions"}],"wp:attachment":[{"href":"https:\/\/strucalc.com\/es\/wp-json\/wp\/v2\/media?parent=5838"}],"curies":[{"name":"wp","href":"https:\/\/api.w.org\/{rel}","templated":true}]}}